{"id":1719,"date":"2023-11-30T13:16:38","date_gmt":"2023-11-30T13:16:38","guid":{"rendered":"http:\/\/babylab-luebeck.de\/?page_id=1719"},"modified":"2025-08-12T08:32:38","modified_gmt":"2025-08-12T08:32:38","slug":"publikationen-laura-maffongelli","status":"publish","type":"page","link":"http:\/\/babylab-luebeck.de\/en\/publikationen-laura-maffongelli\/","title":{"rendered":"Publications - Laura Maffongelli"},"content":{"rendered":"\n<div class=\"wp-block-group\"><div class=\"wp-block-group__inner-container is-layout-constrained wp-block-group-is-layout-constrained\">\n<ul class=\"wp-block-list\">\n<li><strong>Maffongelli<\/strong>, L., Haerms, L., Paulus, M., Altvater-Mackensen, N. <em>Assessing Action Processing in Preschool Children: A Systematic Review and Overview of Different Action Tasks. International Journal of Developmental Science, 2024, DOI: 10.3233\/DEV-230340<\/em><br><\/li>\n\n\n\n<li>Kliesch, C., Neumann, M.T., <strong>Maffongelli<\/strong>, L., Paulus, M., Altvater-Mackensen, N. <em>The Camelot Task: A novel task to measure children\u2019s hierarchical action planning and problem-solving abilities. (submitted)<\/em><\/li>\n<\/ul>\n<\/div><\/div>\n\n\n\n<p><strong>2022<\/strong><\/p>\n\n\n\n<ul class=\"wp-block-list\">\n<li>Daum, M.M, Bleiker, M., Wermelinger, S., Kurthen, I., <strong>Maffongelli<\/strong>, L., Antognini, K., Beisert, M., Gampe, A. <em>The KleineWeltentdecker App \u2013 A smartphone-based developmental diary. Behavior Research Methods, 2022; 1-23.<\/em><\/li>\n<\/ul>\n\n\n\n<p><strong>2020<\/strong><\/p>\n\n\n\n<ul class=\"wp-block-list\">\n<li>Lauer, T., Willenbockel, V., <strong>Maffongelli<\/strong>, L., V\u00d5, L.-H., M. <em>The influence of scene and object orientation on the scene constancy effect. Behavioral Brain Research, 2020; (394), 11281.<\/em><br><\/li>\n\n\n\n<li><strong>Maffongelli<\/strong>, L., \u00d6hlschl\u00e4ger, S., V\u00d5, L.-H., M. <em>The development of scene semantics: First ERP indications for the processing of semantic object-scene inconsistencies in 24-month-olds. Collabra: Psychology, 2020; 6(1).<\/em><br><\/li>\n\n\n\n<li><strong>Maffongelli<\/strong>, L*., Ferrari E*., Bartoli E., Campus C., Olivier E., Fadiga L., D\u2019Ausilio A. <em>Role of sensorimotor areas in early detection of motor errors: an EEG and TMS study. <\/em>BrainBehavioral Research, 2020; (378),112248.<\/li>\n<\/ul>\n\n\n\n<p><strong>2019<\/strong><\/p>\n\n\n\n<ul class=\"wp-block-list\">\n<li><strong>Maffongelli<\/strong>, L., D&#8217;Ausilio, A., Fadiga, L., &amp; Daum, M. M. <em>The Ontogenesis of Action Syntax<\/em>. <em>Collabra: Psychology<\/em>, 2019; <em>5<\/em>(1), 21.<\/li>\n<\/ul>\n\n\n\n<p><strong>2018<\/strong><\/p>\n\n\n\n<ul class=\"wp-block-list\">\n<li><strong>Maffongelli <\/strong>L., Antognini K., Daum M.M. <em>Syntactical regularities of action sequences in the infant brain: When structure matters<\/em>. Developmental Science, 2018;e12682<br><\/li>\n\n\n\n<li>Schmitz J., Bartoli E., <strong>Maffongelli <\/strong>L., Fadiga L., Sebastian-Galles N., D\u2019Ausilio A. <em>Motor cortex compensates for lack of sensory and motor experience during auditory speech perception<\/em>. Neuropsychologia 2018; 128:290-296<\/li>\n<\/ul>\n\n\n\n<p><strong>2016<\/strong><\/p>\n\n\n\n<ul class=\"wp-block-list\">\n<li>Bartoli E., <strong>Maffongelli <\/strong>L., Campus C., D\u2019Ausilio A. <em>Beta rhythm modulation by speech sounds: somatotopic mapping in somatosensory cortex<\/em>. Scientific Reports 2016; 6: 31182<\/li>\n<\/ul>\n\n\n\n<p><strong>2015<\/strong><\/p>\n\n\n\n<ul class=\"wp-block-list\">\n<li>Finisguerra A. *, <strong>Maffongelli <\/strong>L. *, Bassolino M., Jacono M., Pozzo T., D\u2019Ausilio A. <em>Generalization of motor resonance during the observation of hand, mouth and eye movements<\/em>. Journal of Neurophysiology 2015; 2295-2304<br><\/li>\n\n\n\n<li>D\u2019Ausilio A., Bartoli E., <strong>Maffongelli <\/strong>L<strong>.<\/strong> <em>Motor control may support mirror neuron research with new hypotheses and methods. Reply to comments on \u201cGrasping synergies: A motor-control approach to the mirror neuron mechanism\u201d.<\/em> Physics of life review 2015; 133-137<br><\/li>\n\n\n\n<li><strong>Maffongelli <\/strong>L., Bartoli E., Sammler D., K\u00f6lsch S., Campus C., Olivier E., Fadiga L., D \u2019Ausilio A. <em>Distinct brain signatures of content and structure violation during action observation<\/em>. Neuropsychologia 2015; 30-39<\/li>\n<\/ul>\n\n\n\n<p><strong>2014<\/strong><\/p>\n\n\n\n<ul class=\"wp-block-list\">\n<li>D\u2019Ausilio A., Bartoli E., <strong>Maffongelli <\/strong>L. <em>Grasping Synergies: A motor-control approach to the mirror neuron mechanism<\/em>. Physics of life review 2014; 91-103\u00a0<br><\/li>\n\n\n\n<li>D\u2019Ausilio A., Bartoli E., <strong>Maffongelli <\/strong>L., Berry J.J., Fadiga L. <em>Vision of tongue movements bias auditory speech perception<\/em>. Neuropsychologia 2014; 63:85-91\u00a0\u00a0<br><\/li>\n\n\n\n<li>Bartoli E., <strong>Maffongelli <\/strong>L., Jacono M., D\u2019Ausilio A. <em>Representing tools as hand movements: early and somatotopic visuomotor transformations. <\/em>Neuropsychologia. 2014; 61:335-44<br><\/li>\n\n\n\n<li>D\u2019Ausilio A., <strong>Maffongelli <\/strong>L., Bartoli E., Campanella M., Ferrari E., Berry J., Fadiga L. <em>Listening to Speech Recruits Specific Tongue Motor Synergies as Revealed by TMS and Tissue Doppler Ultrasound Imaging<\/em>. Philos Trans R Soc Lond B Biol Sci. 2014 28;369(1644):20130418<br><\/li>\n\n\n\n<li>Dr\u00f6ge, A., <strong>Maffongelli <\/strong>L., Bornkessel-Schlesewsky, I. <em>Luigi piace a Laura? Electrophysiological evidence for thematic reanalysis with Italian dative object experiencer verbs<\/em>, In: Structuring the Argument. Multidisciplinary research on verb argument structure, by Bachrach, Asaf, Isabelle Roy and Linnaea Stockall (eds.) [LFAB 10, 2014]<\/li>\n<\/ul>\n\n\n\n<p><strong>2013<\/strong><\/p>\n\n\n\n<ul class=\"wp-block-list\">\n<li>D\u2019Ausilio A., <strong>Maffongelli <\/strong>L., Fadiga L. L\u2019origine comune di linguaggio e azione. Rivista internazionale di Filosofia e Psicologia. 2013; Vol. 4, n.2, 198-203<\/li>\n<\/ul>\n\n\n\n<p><\/p>\n","protected":false},"excerpt":{"rendered":"<p>2022 2020 2019 2018 2016 2015 2014 2013<\/p>","protected":false},"author":1,"featured_media":0,"parent":0,"menu_order":0,"comment_status":"closed","ping_status":"closed","template":"","meta":{"footnotes":"[]"},"class_list":["post-1719","page","type-page","status-publish","hentry"],"_links":{"self":[{"href":"http:\/\/babylab-luebeck.de\/en\/wp-json\/wp\/v2\/pages\/1719","targetHints":{"allow":["GET"]}}],"collection":[{"href":"http:\/\/babylab-luebeck.de\/en\/wp-json\/wp\/v2\/pages"}],"about":[{"href":"http:\/\/babylab-luebeck.de\/en\/wp-json\/wp\/v2\/types\/page"}],"author":[{"embeddable":true,"href":"http:\/\/babylab-luebeck.de\/en\/wp-json\/wp\/v2\/users\/1"}],"replies":[{"embeddable":true,"href":"http:\/\/babylab-luebeck.de\/en\/wp-json\/wp\/v2\/comments?post=1719"}],"version-history":[{"count":3,"href":"http:\/\/babylab-luebeck.de\/en\/wp-json\/wp\/v2\/pages\/1719\/revisions"}],"predecessor-version":[{"id":1951,"href":"http:\/\/babylab-luebeck.de\/en\/wp-json\/wp\/v2\/pages\/1719\/revisions\/1951"}],"wp:attachment":[{"href":"http:\/\/babylab-luebeck.de\/en\/wp-json\/wp\/v2\/media?parent=1719"}],"curies":[{"name":"wp","href":"https:\/\/api.w.org\/{rel}","templated":true}]}}