{"id":146,"date":"2016-07-24T14:31:05","date_gmt":"2016-07-24T12:31:05","guid":{"rendered":"https:\/\/luebeckbabylab.wordpress.com\/?page_id=146"},"modified":"2025-08-12T08:24:14","modified_gmt":"2025-08-12T08:24:14","slug":"lebenslauf","status":"publish","type":"page","link":"https:\/\/babylab-luebeck.de\/en\/lebenslauf\/","title":{"rendered":"CV"},"content":{"rendered":"<div class=\"wp-block-media-text alignfull is-stacked-on-mobile is-vertically-aligned-center\" style=\"grid-template-columns:24% auto\"><figure class=\"wp-block-media-text__media\"><img loading=\"lazy\" decoding=\"async\" width=\"1024\" height=\"1024\" src=\"http:\/\/babylab-luebeck.de\/wp-content\/uploads\/2021\/09\/SarahFall2021small-e1632401397844-1024x1024.jpg\" alt=\"\" class=\"wp-image-901 size-full\" srcset=\"https:\/\/babylab-luebeck.de\/wp-content\/uploads\/2021\/09\/SarahFall2021small-e1632401397844-1024x1024.jpg 1024w, https:\/\/babylab-luebeck.de\/wp-content\/uploads\/2021\/09\/SarahFall2021small-e1632401397844-150x150.jpg 150w, https:\/\/babylab-luebeck.de\/wp-content\/uploads\/2021\/09\/SarahFall2021small-e1632401397844-300x300.jpg 300w, https:\/\/babylab-luebeck.de\/wp-content\/uploads\/2021\/09\/SarahFall2021small-e1632401397844-768x768.jpg 768w\" sizes=\"auto, (max-width: 1024px) 100vw, 1024px\" \/><\/figure><div class=\"wp-block-media-text__content\">\n<h2 class=\"wp-block-heading has-text-align-left has-text-color\" style=\"color:#000000\"><strong>Prof. Dr. phil. Sarah Jessen<\/strong><\/h2>\n\n\n\n<p class=\"has-text-align-left has-black-color has-text-color has-extra-small-font-size\">sarah.jessen(at)uni-luebeck.de<\/p>\n\n\n\n<p><\/p>\n<\/div><\/div>\n\n\n\n<p><\/p>\n\n\n\n<h4 class=\"wp-block-heading\">Forschungsinteressen: <\/h4>\n\n\n\n<div class=\"wp-block-group\"><div class=\"wp-block-group__inner-container is-layout-flow wp-block-group-is-layout-flow\">\n<p>Neuronale Grundlagen der Emotionsverarbeitung<br>Soziales Verhalten und soziale Wahrnehmung im S\u00e4uglingsalter<br>Multisensorische Verarbeitung in sozialer Interaktion<br><\/p>\n\n\n\n<p><strong>seit 2022<br><\/strong>Heisenberg-Professur, Universit\u00e4t zu L\u00fcbeck<br><strong>2016 \u2013 2022<\/strong><br>wissenschaftliche Mitarbeiterin, Klinik f\u00fcr Neurologie, Universit\u00e4t zu L\u00fcbeck<br><strong>2012 \u2013 2016<br><\/strong>Postdoc-Stipendiatin, Forschungsgruppe \u201cFr\u00fche soziale Entwicklung\u201d, Max-Planck-Institut f\u00fcr Kognitions- und Neurowissenschaften, Leipzig<\/p>\n<\/div><\/div>\n\n\n\n<h4 class=\"wp-block-heading\">Ausbildung:<\/h4>\n\n\n\n<p>2021: Habilitation (venia legendi: Psychologie), Universit\u00e4t zu L\u00fcbeck<br>2012: Dr. phil. (Psychologie), Freie Universit\u00e4t Berlin<br>2008: MSc in Neuro- und Verhaltenswissenschaften, Universit\u00e4t T\u00fcbingen<br>2006: BSc in Cognitive Science, Universit\u00e4t Osnabr\u00fcck<br><strong><a href=\"http:\/\/babylab-luebeck.de\/en\/?page_id=157\">Publications<\/a><\/strong><\/p>","protected":false},"excerpt":{"rendered":"<p>Prof. Dr. phil. Sarah Jessen sarah.jessen(at)uni-luebeck.de Forschungsinteressen: Neuronale Grundlagen der EmotionsverarbeitungSoziales Verhalten und soziale Wahrnehmung im S\u00e4uglingsalterMultisensorische Verarbeitung in sozialer Interaktion seit 2022Heisenberg-Professur, Universit\u00e4t zu L\u00fcbeck2016 \u2013 2022wissenschaftliche Mitarbeiterin, Klinik f\u00fcr Neurologie, Universit\u00e4t zu L\u00fcbeck2012 \u2013 2016Postdoc-Stipendiatin, Forschungsgruppe \u201cFr\u00fche soziale Entwicklung\u201d, Max-Planck-Institut f\u00fcr Kognitions- und Neurowissenschaften, Leipzig Ausbildung: 2021: Habilitation (venia legendi: Psychologie), Universit\u00e4t zu &hellip; <a href=\"https:\/\/babylab-luebeck.de\/en\/lebenslauf\/\" class=\"more-link\">Continue reading <span class=\"screen-reader-text\">CV<\/span><\/a><\/p>","protected":false},"author":1,"featured_media":0,"parent":0,"menu_order":0,"comment_status":"closed","ping_status":"closed","template":"","meta":{"footnotes":""},"class_list":["post-146","page","type-page","status-publish","hentry"],"_links":{"self":[{"href":"https:\/\/babylab-luebeck.de\/en\/wp-json\/wp\/v2\/pages\/146","targetHints":{"allow":["GET"]}}],"collection":[{"href":"https:\/\/babylab-luebeck.de\/en\/wp-json\/wp\/v2\/pages"}],"about":[{"href":"https:\/\/babylab-luebeck.de\/en\/wp-json\/wp\/v2\/types\/page"}],"author":[{"embeddable":true,"href":"https:\/\/babylab-luebeck.de\/en\/wp-json\/wp\/v2\/users\/1"}],"replies":[{"embeddable":true,"href":"https:\/\/babylab-luebeck.de\/en\/wp-json\/wp\/v2\/comments?post=146"}],"version-history":[{"count":80,"href":"https:\/\/babylab-luebeck.de\/en\/wp-json\/wp\/v2\/pages\/146\/revisions"}],"predecessor-version":[{"id":1945,"href":"https:\/\/babylab-luebeck.de\/en\/wp-json\/wp\/v2\/pages\/146\/revisions\/1945"}],"wp:attachment":[{"href":"https:\/\/babylab-luebeck.de\/en\/wp-json\/wp\/v2\/media?parent=146"}],"curies":[{"name":"wp","href":"https:\/\/api.w.org\/{rel}","templated":true}]}}