{"id":1705,"date":"2023-11-20T09:54:08","date_gmt":"2023-11-20T09:54:08","guid":{"rendered":"http:\/\/babylab-luebeck.de\/?page_id=1705"},"modified":"2025-08-12T08:24:08","modified_gmt":"2025-08-12T08:24:08","slug":"lebenslauf-laura","status":"publish","type":"page","link":"https:\/\/babylab-luebeck.de\/en\/lebenslauf-laura\/","title":{"rendered":"CV"},"content":{"rendered":"<div class=\"wp-block-columns is-layout-flex wp-container-core-columns-is-layout-9d6595d7 wp-block-columns-is-layout-flex\">\n<div class=\"wp-block-column is-layout-flow wp-block-column-is-layout-flow\">\n<div class=\"wp-block-media-text is-stacked-on-mobile\" style=\"grid-template-columns:28% auto\"><figure class=\"wp-block-media-text__media\"><img loading=\"lazy\" decoding=\"async\" width=\"1024\" height=\"1024\" src=\"http:\/\/babylab-luebeck.de\/wp-content\/uploads\/2023\/11\/Lichtbild_Maffongelli-1024x1024.jpg\" alt=\"\" class=\"wp-image-1643 size-full\" srcset=\"https:\/\/babylab-luebeck.de\/wp-content\/uploads\/2023\/11\/Lichtbild_Maffongelli-1024x1024.jpg 1024w, https:\/\/babylab-luebeck.de\/wp-content\/uploads\/2023\/11\/Lichtbild_Maffongelli-300x300.jpg 300w, https:\/\/babylab-luebeck.de\/wp-content\/uploads\/2023\/11\/Lichtbild_Maffongelli-150x150.jpg 150w, https:\/\/babylab-luebeck.de\/wp-content\/uploads\/2023\/11\/Lichtbild_Maffongelli-768x768.jpg 768w, https:\/\/babylab-luebeck.de\/wp-content\/uploads\/2023\/11\/Lichtbild_Maffongelli-1536x1536.jpg 1536w, https:\/\/babylab-luebeck.de\/wp-content\/uploads\/2023\/11\/Lichtbild_Maffongelli.jpg 1613w\" sizes=\"auto, (max-width: 1024px) 100vw, 1024px\" \/><\/figure><div class=\"wp-block-media-text__content\">\n<h2 class=\"wp-block-heading\"><strong>Dr. Laura Maffongelli<\/strong><\/h2>\n\n\n\n<p>laura.maffongelli(at)uni-luebeck.de<\/p>\n<\/div><\/div>\n<\/div>\n<\/div>\n\n\n\n<p>Mein Name ist Laura Maffongelli und ich bin Postdoktorandin im Babylab. Ich habe Linguistik studiert und meine Forschungsinteressen konzentrieren sich auf die Beziehung zwischen Sprache und Handlung im Hinblick auf die beteiligten syntaktischen Mechanismen. Ich untersuche die neurophysiologischen Grundlagen der Verarbeitung komplexer Handlungsequenzen w\u00e4hrend der Handlungsbeobachtung aus einer entwicklungspsychologischen Perspektive. Von besonderem Interesse ist dabei die Frage, inwieweit \u00e4hnliche Ph\u00e4nomene auch bei der Verarbeitung komplexer S\u00e4tze in der Sprache beobachtet werden k\u00f6nnen. EEG ist die grundlegende Methode meiner Untersuchungen.<br><\/p>\n\n\n\n<p><strong>Seit 2023<\/strong><br>Wissenschaftliche Mitarbeiterin, Universit\u00e4t zu L\u00fcbeck, Klinik f\u00fcr Neurologie (Prof. Dr. Sarah Jessen)<br><strong>2019-2023<\/strong><br>Postdoc, Psychologisches Institut, Johannes-Gutenberg-Universit\u00e4t, Mainz<br><strong>2018-2019<\/strong><br>Postdoc, Psychologisches Institut, Goethe Universit\u00e4t, Frankfurt<br><strong>2015-2017<\/strong><br>Postdoc (Stipendiatin), Psychologisches Institut, Universit\u00e4t Z\u00fcrich, Schweiz<br><strong>2012-2015<\/strong><br>Promotion in Robotics, Cognition and Interaction Technologies, Italian Institute of Technology, Genua, Italien<br><strong>2009-2011<\/strong><br>Master of Arts in Germanistische Linguistik, Philipps-Universit\u00e4t Marburg<br><strong>2006-2009<\/strong><br>Bachelor of Arts in Deutsche Sprache und Literatur, Philipps-Universit\u00e4t Marburg<br><\/p>","protected":false},"excerpt":{"rendered":"<p>Dr. Laura Maffongelli laura.maffongelli(at)uni-luebeck.de Mein Name ist Laura Maffongelli und ich bin Postdoktorandin im Babylab. Ich habe Linguistik studiert und meine Forschungsinteressen konzentrieren sich auf die Beziehung zwischen Sprache und Handlung im Hinblick auf die beteiligten syntaktischen Mechanismen. Ich untersuche die neurophysiologischen Grundlagen der Verarbeitung komplexer Handlungsequenzen w\u00e4hrend der Handlungsbeobachtung aus einer entwicklungspsychologischen Perspektive. Von &hellip; <a href=\"https:\/\/babylab-luebeck.de\/en\/lebenslauf-laura\/\" class=\"more-link\">Continue reading <span class=\"screen-reader-text\">CV<\/span><\/a><\/p>","protected":false},"author":1,"featured_media":0,"parent":0,"menu_order":0,"comment_status":"closed","ping_status":"closed","template":"","meta":{"footnotes":""},"class_list":["post-1705","page","type-page","status-publish","hentry"],"_links":{"self":[{"href":"https:\/\/babylab-luebeck.de\/en\/wp-json\/wp\/v2\/pages\/1705","targetHints":{"allow":["GET"]}}],"collection":[{"href":"https:\/\/babylab-luebeck.de\/en\/wp-json\/wp\/v2\/pages"}],"about":[{"href":"https:\/\/babylab-luebeck.de\/en\/wp-json\/wp\/v2\/types\/page"}],"author":[{"embeddable":true,"href":"https:\/\/babylab-luebeck.de\/en\/wp-json\/wp\/v2\/users\/1"}],"replies":[{"embeddable":true,"href":"https:\/\/babylab-luebeck.de\/en\/wp-json\/wp\/v2\/comments?post=1705"}],"version-history":[{"count":5,"href":"https:\/\/babylab-luebeck.de\/en\/wp-json\/wp\/v2\/pages\/1705\/revisions"}],"predecessor-version":[{"id":1944,"href":"https:\/\/babylab-luebeck.de\/en\/wp-json\/wp\/v2\/pages\/1705\/revisions\/1944"}],"wp:attachment":[{"href":"https:\/\/babylab-luebeck.de\/en\/wp-json\/wp\/v2\/media?parent=1705"}],"curies":[{"name":"wp","href":"https:\/\/api.w.org\/{rel}","templated":true}]}}