{"id":1784,"date":"2024-06-13T11:57:09","date_gmt":"2024-06-13T11:57:09","guid":{"rendered":"https:\/\/babylab-luebeck.de\/?page_id=1784"},"modified":"2025-08-12T08:16:48","modified_gmt":"2025-08-12T08:16:48","slug":"anfahrt","status":"publish","type":"page","link":"https:\/\/babylab-luebeck.de\/en\/anfahrt\/","title":{"rendered":"Directions"},"content":{"rendered":"\n<p>Unsere R\u00e4umlichkeiten befinden sich im Center of Brain, Behavior and Metabolism (CBBM) des Universit\u00e4tsklinikums Schleswig-Holstein. Der Treffpunkt ist im Foyer des Geb\u00e4udes (67) vor dem Caf\u00e9 Curie. Dort k\u00f6nnen Sie gerne warten, bis Sie von unseren Mitarbeiter:innen abgeholt werden.<\/p>\n\n\n\n<p><strong>Adresse<\/strong>:<br>Marie-Curie-Stra\u00dfe<br>23562 L\u00fcbeck<\/p>\n\n\n\n<p><strong>Mit dem Bus:<\/strong><br>Buslinien 4 und 6 bis Haltestelle <em>Universit\u00e4t<\/em>.<br>Buslinien 1 und 9 bis Haltestelle <em>UKSH West<\/em>.<br><mark style=\"background-color:rgba(0, 0, 0, 0)\" class=\"has-inline-color has-vivid-red-color\">Achtung: Der Ausstieg bei UKSH West ist mit einem Kinderwagen nur im vorderen Busabteil m\u00f6glich, da der hintere Busabteil nicht bis an den Bussteig vorfahren kann.<\/mark><\/p>\n\n\n\n<p><strong>Mit der Bahn:<\/strong><br>Bis Bahnhof <em>L\u00fcbeck-St. J\u00fcrgen<\/em> und dann 10 Minuten Fu\u00dfweg.<br>Bis L\u00fcbeck <em>Hauptbahnhof <\/em>und dann weiter mit den Buslinien 1 oder 9 direkt zum Klinikum.<\/p>\n\n\n\n<p><strong>Mit dem PKW:<\/strong><br>\u00dcber die A1 kommend im Kreuz L\u00fcbeck auf die A20 (Richtung Rostock) wechseln. Dann die Ausfahrt 2a &#8211; L\u00fcbeck-Genin nehmen und von dort \u00fcber die Baltische Allee, Geniner Str., St. J\u00fcrgen-Ring\/B75 und auf den M\u00f6nkhofer Weg abbiegen. Von dort k\u00f6nnen Sie auf das Klinikgel\u00e4nde fahren und ohne die Schranke zu durchqueren direkt beim CBBM vorfahren. Hier haben Sie die M\u00f6glichkeit, einen Parkberechtigungsschein f\u00fcr die Zeit Ihres Besuches bei uns im Babylab zu erhalten. Diesen k\u00f6nnen wir Ihnen nach Ankunft aush\u00e4ndigen (idealerweise vorher Bedarf anmelden). Er berechtigt zum Parken auf dem Parkplatz vor dem CBBM\/BMF-Geb\u00e4ude (genauere Infos nach Absprache).<\/p>\n\n\n<div id=\"wpgmza_map_1\" class=\"wpgmza_map wpgmza-auto-left\" style=\"display:block;width:100%;height:400px;overflow:hidden;position:relative;\" data-map-id=\"1\" data-maps-engine=\"open-layers\" data-build-engine=\"atlas-novus\" data-shortcode-attributes=\"{&quot;id&quot;:&quot;1&quot;,&quot;zoom&quot;:false,&quot;width&quot;:false,&quot;height&quot;:false,&quot;marker&quot;:false,&quot;classname&quot;:false}\" data-settings=\"{&quot;map_title&quot;:&quot;CBBM Anfahrt&quot;,&quot;map_width&quot;:&quot;100&quot;,&quot;map_height&quot;:&quot;400&quot;,&quot;map_start_lat&quot;:&quot;53.83610807678309&quot;,&quot;map_start_lng&quot;:&quot;10.70409115725224&quot;,&quot;map_start_location&quot;:&quot;45.950464398418106,-109.81550500000003&quot;,&quot;map_start_zoom&quot;:&quot;16&quot;,&quot;default_marker&quot;:&quot;&quot;,&quot;type&quot;:&quot;0&quot;,&quot;alignment&quot;:&quot;4&quot;,&quot;directions_enabled&quot;:&quot;0&quot;,&quot;styling_enabled&quot;:&quot;0&quot;,&quot;styling_json&quot;:&quot;&quot;,&quot;active&quot;:&quot;0&quot;,&quot;kml&quot;:&quot;&quot;,&quot;bicycle&quot;:&quot;0&quot;,&quot;traffic&quot;:&quot;0&quot;,&quot;dbox&quot;:&quot;0&quot;,&quot;dbox_width&quot;:&quot;&quot;,&quot;listmarkers&quot;:&quot;0&quot;,&quot;listmarkers_advanced&quot;:&quot;0&quot;,&quot;filterbycat&quot;:&quot;0&quot;,&quot;ugm_enabled&quot;:&quot;0&quot;,&quot;ugm_category_enabled&quot;:&quot;0&quot;,&quot;fusion&quot;:&quot;&quot;,&quot;map_width_type&quot;:&quot;%&quot;,&quot;map_height_type&quot;:&quot;px&quot;,&quot;mass_marker_support&quot;:&quot;0&quot;,&quot;ugm_access&quot;:&quot;0&quot;,&quot;order_markers_by&quot;:&quot;0&quot;,&quot;order_markers_choice&quot;:&quot;0&quot;,&quot;show_user_location&quot;:&quot;0&quot;,&quot;default_to&quot;:&quot;&quot;,&quot;map_type&quot;:1,&quot;sl_stroke_color&quot;:&quot;&quot;,&quot;sl_fill_color&quot;:&quot;&quot;,&quot;sl_stroke_opacity&quot;:&quot;&quot;,&quot;sl_fill_opacity&quot;:&quot;&quot;,&quot;transport_layer&quot;:false,&quot;action&quot;:&quot;wpgmza_save_map&quot;,&quot;redirect_to&quot;:&quot;\\\/wp-admin\\\/admin-post.php&quot;,&quot;map_id&quot;:&quot;1&quot;,&quot;wpgmza_savemap&quot;:&quot;Karte speichern&quot;,&quot;http_referer&quot;:&quot;\\\/wp-admin\\\/admin.php?page=wp-google-maps-menu&amp;amp;action=edit&amp;amp;map_id=1&quot;,&quot;wpgmza_id&quot;:&quot;1&quot;,&quot;wpgmza_start_location&quot;:&quot;53.83610807678309,10.70409115725224&quot;,&quot;wpgmza_start_zoom&quot;:&quot;17&quot;,&quot;wpgmza_map_align&quot;:&quot;1&quot;,&quot;store_locator_enabled&quot;:false,&quot;store_locator_distance&quot;:false,&quot;store_locator_search_area&quot;:&quot;radial&quot;,&quot;wpgmza_store_locator_default_radius&quot;:&quot;10&quot;,&quot;store_locator_auto_area_max_zoom&quot;:&quot;&quot;,&quot;wpgmza_store_locator_radius_style&quot;:&quot;legacy&quot;,&quot;store_locator_component_anchor&quot;:&quot;0&quot;,&quot;wpgmza_store_locator_bounce&quot;:false,&quot;wpgmza_sl_animation&quot;:null,&quot;store_locator_query_string&quot;:&quot;&quot;,&quot;store_locator_location_placeholder&quot;:&quot;&quot;,&quot;store_locator_default_address&quot;:&quot;&quot;,&quot;store_locator_name_search&quot;:false,&quot;store_locator_name_string&quot;:&quot;&quot;,&quot;store_locator_not_found_message&quot;:&quot;&quot;,&quot;store_locator_show_distance&quot;:false,&quot;store_locator_category&quot;:false,&quot;wpgmza_store_locator_use_their_location&quot;:false,&quot;wpgmza_store_locator_hide_before_search&quot;:false,&quot;store_locator_nearby_searches&quot;:false,&quot;wpgmza_ol_tile_filter&quot;:&quot;none&quot;,&quot;wpgmza_theme_data&quot;:&quot;&quot;,&quot;custom_tile_enabled&quot;:false,&quot;custom_tile_image&quot;:&quot;&quot;,&quot;custom_tile_image_width&quot;:&quot;&quot;,&quot;custom_tile_image_height&quot;:&quot;&quot;,&quot;custom_tile_image_attribution&quot;:&quot;&quot;,&quot;iw_primary_color&quot;:&quot;#000000&quot;,&quot;iw_accent_color&quot;:&quot;#000000&quot;,&quot;iw_text_color&quot;:&quot;#000000&quot;,&quot;close_infowindow_on_map_click&quot;:false,&quot;marker_share_links&quot;:false,&quot;wpgmza_listmarkers_by&quot;:&quot;0&quot;,&quot;marker_listing_component_anchor&quot;:null,&quot;marker_listing_component_auto_open&quot;:false,&quot;dataTable_pagination_style&quot;:null,&quot;category_filter_component_anchor&quot;:null,&quot;zoom_level_on_marker_listing_override&quot;:false,&quot;zoom_level_on_marker_listing_click&quot;:&quot;&quot;,&quot;marker_listing_disable_zoom&quot;:false,&quot;datatable_no_result_message&quot;:&quot;&quot;,&quot;remove_search_box_datables&quot;:false,&quot;datatable_search_string&quot;:&quot;&quot;,&quot;datatable_result_start&quot;:&quot;&quot;,&quot;datatable_result_of&quot;:&quot;&quot;,&quot;datatable_result_to&quot;:&quot;&quot;,&quot;datatable_result_total&quot;:&quot;&quot;,&quot;datatable_result_show&quot;:&quot;&quot;,&quot;datatable_result_entries&quot;:&quot;&quot;,&quot;category_legends_enabled&quot;:false,&quot;category_legends_component_anchor&quot;:null,&quot;jump_to_nearest_marker_on_initialization&quot;:false,&quot;click_open_link&quot;:false,&quot;wpgmza_zoom_on_marker_click&quot;:false,&quot;wpgmza_zoom_on_marker_click_slider&quot;:&quot;&quot;,&quot;enable_marker_labels&quot;:false,&quot;polygon_labels&quot;:false,&quot;disable_polygon_info_windows&quot;:false,&quot;fit_maps_bounds_to_markers&quot;:false,&quot;fit_maps_bounds_to_markers_after_filtering&quot;:false,&quot;automatically_pan_to_users_location&quot;:false,&quot;override_users_location_zoom_level&quot;:false,&quot;override_users_location_zoom_levels&quot;:&quot;&quot;,&quot;show_distance_from_location&quot;:false,&quot;map_starts_in_streetview&quot;:false,&quot;map_starts_in_streetview_location&quot;:&quot;&quot;,&quot;map_starts_in_streetview_heading&quot;:&quot;&quot;,&quot;map_starts_in_streetview_pitch&quot;:&quot;&quot;,&quot;map_max_zoom&quot;:&quot;21&quot;,&quot;map_min_zoom&quot;:&quot;0&quot;,&quot;zoom_level_mobile_override_enabled&quot;:false,&quot;zoom_level_mobile_override&quot;:&quot;&quot;,&quot;hide_point_of_interest&quot;:false,&quot;disable_lightbox_images&quot;:false,&quot;use_Raw_Jpeg_Coordinates&quot;:false,&quot;enable_marker_ratings&quot;:false,&quot;only_load_markers_within_viewport&quot;:false,&quot;id&quot;:1}\" ><\/div>\n\n\n<div style=\"height:11px\" aria-hidden=\"true\" class=\"wp-block-spacer\"><\/div>\n\n\n\n<div class=\"wp-block-columns is-layout-flex wp-container-core-columns-is-layout-9d6595d7 wp-block-columns-is-layout-flex\">\n<div class=\"wp-block-column is-layout-flow wp-block-column-is-layout-flow\">\n<figure class=\"wp-block-image size-full\"><img loading=\"lazy\" decoding=\"async\" width=\"800\" height=\"566\" src=\"http:\/\/babylab-luebeck.de\/wp-content\/uploads\/2024\/06\/Eingang-1.jpg\" alt=\"\" class=\"wp-image-1796\" style=\"aspect-ratio:4\/3;object-fit:cover\" srcset=\"https:\/\/babylab-luebeck.de\/wp-content\/uploads\/2024\/06\/Eingang-1.jpg 800w, https:\/\/babylab-luebeck.de\/wp-content\/uploads\/2024\/06\/Eingang-1-300x212.jpg 300w, https:\/\/babylab-luebeck.de\/wp-content\/uploads\/2024\/06\/Eingang-1-768x543.jpg 768w\" sizes=\"auto, (max-width: 800px) 100vw, 800px\" \/><\/figure>\n<\/div>\n\n\n\n<div class=\"wp-block-column is-layout-flow wp-block-column-is-layout-flow\">\n<figure class=\"wp-block-image size-full\"><img loading=\"lazy\" decoding=\"async\" width=\"990\" height=\"738\" src=\"https:\/\/babylab-luebeck.de\/wp-content\/uploads\/2025\/08\/Screenshot-2025-08-12-101516.png\" alt=\"\" class=\"wp-image-1936\" style=\"aspect-ratio:4\/3;object-fit:cover\" srcset=\"https:\/\/babylab-luebeck.de\/wp-content\/uploads\/2025\/08\/Screenshot-2025-08-12-101516.png 990w, https:\/\/babylab-luebeck.de\/wp-content\/uploads\/2025\/08\/Screenshot-2025-08-12-101516-300x224.png 300w, https:\/\/babylab-luebeck.de\/wp-content\/uploads\/2025\/08\/Screenshot-2025-08-12-101516-768x573.png 768w, https:\/\/babylab-luebeck.de\/wp-content\/uploads\/2025\/08\/Screenshot-2025-08-12-101516-16x12.png 16w\" sizes=\"auto, (max-width: 990px) 100vw, 990px\" \/><\/figure>\n<\/div>\n<\/div>\n\n\n\n<p class=\"has-text-align-center\">[Sie bekommen von uns einen Parkschein. Mit diesem d\u00fcrfen Sie vor dem Bauzaun parken. Sie k\u00f6nnen dann das Schild f\u00fcr das Halteverbot ignorieren.]<\/p>\n\n\n\n<p><\/p>\n","protected":false},"excerpt":{"rendered":"<p>Unsere R\u00e4umlichkeiten befinden sich im Center of Brain, Behavior and Metabolism (CBBM) des Universit\u00e4tsklinikums Schleswig-Holstein. Der Treffpunkt ist im Foyer des Geb\u00e4udes (67) vor dem Caf\u00e9 Curie. Dort k\u00f6nnen Sie gerne warten, bis Sie von unseren Mitarbeiter:innen abgeholt werden. Adresse:Marie-Curie-Stra\u00dfe23562 L\u00fcbeck Mit dem Bus:Buslinien 4 und 6 bis Haltestelle Universit\u00e4t.Buslinien 1 und 9 bis Haltestelle &hellip; <a href=\"https:\/\/babylab-luebeck.de\/en\/anfahrt\/\" class=\"more-link\">Continue reading <span class=\"screen-reader-text\">Directions<\/span><\/a><\/p>","protected":false},"author":1,"featured_media":0,"parent":0,"menu_order":0,"comment_status":"closed","ping_status":"closed","template":"","meta":{"footnotes":""},"class_list":["post-1784","page","type-page","status-publish","hentry"],"_links":{"self":[{"href":"https:\/\/babylab-luebeck.de\/en\/wp-json\/wp\/v2\/pages\/1784","targetHints":{"allow":["GET"]}}],"collection":[{"href":"https:\/\/babylab-luebeck.de\/en\/wp-json\/wp\/v2\/pages"}],"about":[{"href":"https:\/\/babylab-luebeck.de\/en\/wp-json\/wp\/v2\/types\/page"}],"author":[{"embeddable":true,"href":"https:\/\/babylab-luebeck.de\/en\/wp-json\/wp\/v2\/users\/1"}],"replies":[{"embeddable":true,"href":"https:\/\/babylab-luebeck.de\/en\/wp-json\/wp\/v2\/comments?post=1784"}],"version-history":[{"count":8,"href":"https:\/\/babylab-luebeck.de\/en\/wp-json\/wp\/v2\/pages\/1784\/revisions"}],"predecessor-version":[{"id":1937,"href":"https:\/\/babylab-luebeck.de\/en\/wp-json\/wp\/v2\/pages\/1784\/revisions\/1937"}],"wp:attachment":[{"href":"https:\/\/babylab-luebeck.de\/en\/wp-json\/wp\/v2\/media?parent=1784"}],"curies":[{"name":"wp","href":"https:\/\/api.w.org\/{rel}","templated":true}]}}