{"id":1802,"date":"2024-06-13T12:57:13","date_gmt":"2024-06-13T12:57:13","guid":{"rendered":"https:\/\/babylab-luebeck.de\/?page_id=1802"},"modified":"2025-08-12T08:08:48","modified_gmt":"2025-08-12T08:08:48","slug":"neuigkeiten","status":"publish","type":"page","link":"https:\/\/babylab-luebeck.de\/en\/neuigkeiten\/","title":{"rendered":"News"},"content":{"rendered":"<div class=\"wp-block-query alignfull is-layout-flow wp-block-query-is-layout-flow\">\n<div class=\"wp-block-group alignfull\" style=\"padding-top:var(--wp--preset--spacing--40);padding-right:var(--wp--preset--spacing--40);padding-bottom:var(--wp--preset--spacing--40);padding-left:var(--wp--preset--spacing--40)\"><div class=\"wp-block-group__inner-container is-layout-flow wp-block-group-is-layout-flow\"><ul style=\"text-transform:none;\" class=\"wp-block-post-template is-layout-flow wp-block-post-template-is-layout-flow\"><li class=\"wp-block-post post-2014 post type-post status-publish format-standard hentry category-uncategorized\">\n\n<div class=\"wp-block-group is-content-justification-left\"><div class=\"wp-block-group__inner-container is-layout-constrained wp-container-core-group-is-layout-b4bdc4c8 wp-block-group-is-layout-constrained\">\n<div class=\"wp-block-group is-vertical is-layout-flex wp-container-core-group-is-layout-438e4d21 wp-block-group-is-layout-flex\" style=\"padding-bottom:var(--wp--preset--spacing--80)\"><div style=\"font-size:0.9rem;letter-spacing:1px; margin-top:0;margin-right:0;margin-bottom:0;margin-left:0;\" class=\"has-text-align-left has-link-color wp-elements-5599b62b56904c5408ce764ba1a18b73 wp-block-post-date has-text-color has-contrast-color\"><time datetime=\"2026-03-24T12:07:02+00:00\">3\/24\/2026<\/time><\/div>\n\n\n<div class=\"wp-block-group\" style=\"margin-top:0;margin-bottom:0\"><div class=\"wp-block-group__inner-container is-layout-constrained wp-block-group-is-layout-constrained\"><h3 style=\"font-size:4.6rem;font-style:normal;font-weight:600;line-height:1;\" class=\"has-link-color wp-elements-571b1884d0d214c62b15aea4145c2b75 wp-block-post-title has-text-color has-contrast-color\"><a href=\"https:\/\/babylab-luebeck.de\/en\/veroeffentlichung-der-studie-how-does-paternal-odor-influence-perception-of-fearful-and-happy-faces-in-infancy\/\" target=\"_self\" >Publication of the study \u201cHow Does Paternal Odor Influence Perception of Fearful and Happy Faces in Infancy?\u201d<\/a><\/h3>\n\n<div style=\"line-height:1.7;\" class=\"wp-block-post-excerpt has-small-font-size\"><p class=\"wp-block-post-excerpt__excerpt\">Wir freuen uns sehr \u00fcber die Bekanntgabe, dass unser neuer Fachartikel zum Einfluss von v\u00e4terlichem Geruch auf die Verarbeitung von \u00e4ngstlichen und fr\u00f6hlichen Gesichtern in 7-Monate alten Babys ver\u00f6ffentlicht wurde. In dem Artikel pr\u00e4sentieren wir neue spannende Erkenntnisse und liefern Einblicke wie die Gesichtsverarbeitung von Sinnesmodalit\u00e4ten, wie Geruch, beeinflusst werden kann. Die Studienergebnisse konnten zeigen,&hellip; <\/p><\/div><\/div><\/div>\n<\/div>\n<\/div><\/div>\n\n<\/li><li class=\"wp-block-post post-2001 post type-post status-publish format-standard hentry category-uncategorized\">\n\n<div class=\"wp-block-group is-content-justification-left\"><div class=\"wp-block-group__inner-container is-layout-constrained wp-container-core-group-is-layout-b4bdc4c8 wp-block-group-is-layout-constrained\">\n<div class=\"wp-block-group is-vertical is-layout-flex wp-container-core-group-is-layout-438e4d21 wp-block-group-is-layout-flex\" style=\"padding-bottom:var(--wp--preset--spacing--80)\"><div style=\"font-size:0.9rem;letter-spacing:1px; margin-top:0;margin-right:0;margin-bottom:0;margin-left:0;\" class=\"has-text-align-left has-link-color wp-elements-5599b62b56904c5408ce764ba1a18b73 wp-block-post-date has-text-color has-contrast-color\"><time datetime=\"2025-09-15T11:27:44+00:00\">9\/15\/2025<\/time><\/div>\n\n\n<div class=\"wp-block-group\" style=\"margin-top:0;margin-bottom:0\"><div class=\"wp-block-group__inner-container is-layout-constrained wp-block-group-is-layout-constrained\"><h3 style=\"font-size:4.6rem;font-style:normal;font-weight:600;line-height:1;\" class=\"has-link-color wp-elements-571b1884d0d214c62b15aea4145c2b75 wp-block-post-title has-text-color has-contrast-color\"><a href=\"https:\/\/babylab-luebeck.de\/en\/vorstellung-von-ergebnissen-auf-lcicd-in-lancaster-und-der-epsy-in-giessen\/\" target=\"_self\" >Presentation of results at the LCICD in Lancaster and the EPSY in Gie\u00dfen<\/a><\/h3>\n\n<div style=\"line-height:1.7;\" class=\"wp-block-post-excerpt has-small-font-size\"><p class=\"wp-block-post-excerpt__excerpt\">Antonia D\u00fcfeld und Robin Nehler haben im August ihre Ergebnisse zur Rolle von Ber\u00fchrung und zur Rolle von m\u00fctterlichen Geruch auf die fr\u00fche soziale Entwicklung auf der Lancaster Conference on Infant &amp; Early Child Development pr\u00e4sentiert. Auf der Fachgruppentagung Entwicklungspsychologie EPSY der Deutschen Gesellschaft f\u00fcr Psychologie (DGPs) war das Team aus Professorin Sarah Jessen, Antonia&hellip; <\/p><\/div><\/div><\/div>\n<\/div>\n<\/div><\/div>\n\n<\/li><li class=\"wp-block-post post-1994 post type-post status-publish format-standard has-post-thumbnail hentry category-uncategorized\">\n\n<div class=\"wp-block-group is-content-justification-left\"><div class=\"wp-block-group__inner-container is-layout-constrained wp-container-core-group-is-layout-b4bdc4c8 wp-block-group-is-layout-constrained\">\n<div class=\"wp-block-group is-vertical is-layout-flex wp-container-core-group-is-layout-438e4d21 wp-block-group-is-layout-flex\" style=\"padding-bottom:var(--wp--preset--spacing--80)\"><div style=\"font-size:0.9rem;letter-spacing:1px; margin-top:0;margin-right:0;margin-bottom:0;margin-left:0;\" class=\"has-text-align-left has-link-color wp-elements-5599b62b56904c5408ce764ba1a18b73 wp-block-post-date has-text-color has-contrast-color\"><time datetime=\"2025-08-14T12:42:06+00:00\">8\/14\/2025<\/time><\/div>\n\n\n<div class=\"wp-block-group\" style=\"margin-top:0;margin-bottom:0\"><div class=\"wp-block-group__inner-container is-layout-constrained wp-block-group-is-layout-constrained\"><h3 style=\"font-size:4.6rem;font-style:normal;font-weight:600;line-height:1;\" class=\"has-link-color wp-elements-571b1884d0d214c62b15aea4145c2b75 wp-block-post-title has-text-color has-contrast-color\"><a href=\"https:\/\/babylab-luebeck.de\/en\/was-passiert-eigentlich-mit-unseren-t-shirts-nachdem-sie-fuer-eine-messung-verwendet-wurden\/\" target=\"_self\" >What actually happens to our t-shirts, once they were used for testing?<\/a><\/h3>\n\n<div style=\"line-height:1.7;\" class=\"wp-block-post-excerpt has-small-font-size\"><p class=\"wp-block-post-excerpt__excerpt\">Gute Frage! Wiederverwenden k\u00f6nnen wir die Shirt f\u00fcr Forschungszwecke leider nicht, das w\u00fcrde die Vergleichbarkeit gef\u00e4hrden. Daher spenden wir gerne Shirts f\u00fcr gute Zwecke. In der Vergangenheit gingen Shirts bereits an die Vorwerker Diakonie in L\u00fcbeck, um dort f\u00fcr k\u00fcnstlerische Projekte verwendet zu werden. Dieses Mal durften wir Shirts an die integrative Ferienfreizeit &#8222;von kleinen&hellip; <\/p><\/div><\/div><\/div>\n<\/div>\n<\/div><\/div>\n\n<\/li><li class=\"wp-block-post post-1920 post type-post status-publish format-standard hentry category-uncategorized\">\n\n<div class=\"wp-block-group is-content-justification-left\"><div class=\"wp-block-group__inner-container is-layout-constrained wp-container-core-group-is-layout-b4bdc4c8 wp-block-group-is-layout-constrained\">\n<div class=\"wp-block-group is-vertical is-layout-flex wp-container-core-group-is-layout-438e4d21 wp-block-group-is-layout-flex\" style=\"padding-bottom:var(--wp--preset--spacing--80)\"><div style=\"font-size:0.9rem;letter-spacing:1px; margin-top:0;margin-right:0;margin-bottom:0;margin-left:0;\" class=\"has-text-align-left has-link-color wp-elements-5599b62b56904c5408ce764ba1a18b73 wp-block-post-date has-text-color has-contrast-color\"><time datetime=\"2025-08-12T11:28:14+00:00\">8\/12\/2025<\/time><\/div>\n\n\n<div class=\"wp-block-group\" style=\"margin-top:0;margin-bottom:0\"><div class=\"wp-block-group__inner-container is-layout-constrained wp-block-group-is-layout-constrained\"><h3 style=\"font-size:4.6rem;font-style:normal;font-weight:600;line-height:1;\" class=\"has-link-color wp-elements-571b1884d0d214c62b15aea4145c2b75 wp-block-post-title has-text-color has-contrast-color\"><a href=\"https:\/\/babylab-luebeck.de\/en\/besuch-von-staatssekretaer-guido-wendt-und-der-landtagsabgeordneten-anette-roettger-an-der-universitaet-zu-luebeck\/\" target=\"_self\" >Visit of State Secretary Guido Wendt and Member of State Parliament Anette R\u00f6ttger at the University of L\u00fcbeck<\/a><\/h3>\n\n<div style=\"line-height:1.7;\" class=\"wp-block-post-excerpt has-small-font-size\"><p class=\"wp-block-post-excerpt__excerpt\">Heute sind der Kieler Staatssekret\u00e4r Guido Wendt (2. v. r.) und die Abgeordnete Anette R\u00f6ttger (2. v. l.) auf den L\u00fcbecker Campus gekommen und haben unser Institut f\u00fcr Medizinische Psychologie (IMP) besucht. Am IMP wird u. a. erforscht, wie gute Kommunikation funktioniert: Was sollten angehende \u00c4rztinnen beachten, damit sich ihre Patientinnen gut aufgehoben f\u00fchlen? Die&hellip; <\/p><\/div><\/div><\/div>\n<\/div>\n<\/div><\/div>\n\n<\/li><li class=\"wp-block-post post-1907 post type-post status-publish format-standard hentry category-uncategorized\">\n\n<div class=\"wp-block-group is-content-justification-left\"><div class=\"wp-block-group__inner-container is-layout-constrained wp-container-core-group-is-layout-b4bdc4c8 wp-block-group-is-layout-constrained\">\n<div class=\"wp-block-group is-vertical is-layout-flex wp-container-core-group-is-layout-438e4d21 wp-block-group-is-layout-flex\" style=\"padding-bottom:var(--wp--preset--spacing--80)\"><div style=\"font-size:0.9rem;letter-spacing:1px; margin-top:0;margin-right:0;margin-bottom:0;margin-left:0;\" class=\"has-text-align-left has-link-color wp-elements-5599b62b56904c5408ce764ba1a18b73 wp-block-post-date has-text-color has-contrast-color\"><time datetime=\"2025-07-14T11:34:21+00:00\">7\/14\/2025<\/time><\/div>\n\n\n<div class=\"wp-block-group\" style=\"margin-top:0;margin-bottom:0\"><div class=\"wp-block-group__inner-container is-layout-constrained wp-block-group-is-layout-constrained\"><h3 style=\"font-size:4.6rem;font-style:normal;font-weight:600;line-height:1;\" class=\"has-link-color wp-elements-571b1884d0d214c62b15aea4145c2b75 wp-block-post-title has-text-color has-contrast-color\"><a href=\"https:\/\/babylab-luebeck.de\/en\/ergebnisse-der-studie-how-does-paternal-odor-influence-emotion-perception-in-infancy\/\" target=\"_self\" >Ergebnisse der Studie: &#8222;How does paternal odor influence emotion perception in infancy?&#8220;<\/a><\/h3>\n\n<div style=\"line-height:1.7;\" class=\"wp-block-post-excerpt has-small-font-size\"><p class=\"wp-block-post-excerpt__excerpt\">In unserem Forschungsprojekt haben wir untersucht, wie Babys im Alter von 7 Monaten auf gl\u00fcckliche und \u00e4ngstliche Gesichter reagieren \u2013 und ob der Geruch des eigenen Vaters dabei eine Rolle spielt. Dazu haben wir die Gehirnaktivit\u00e4t (sogenannte EEG -Messungen) der Babys analysiert. Wir wollten herausfinden, inwieweit der v\u00e4terliche Geruch eine \u00e4hnliche Reaktion auf ver\u00e4ngstigte Gesichter&hellip; <\/p><\/div><\/div><\/div>\n<\/div>\n<\/div><\/div>\n\n<\/li><li class=\"wp-block-post post-1888 post type-post status-publish format-standard hentry category-uncategorized\">\n\n<div class=\"wp-block-group is-content-justification-left\"><div class=\"wp-block-group__inner-container is-layout-constrained wp-container-core-group-is-layout-b4bdc4c8 wp-block-group-is-layout-constrained\">\n<div class=\"wp-block-group is-vertical is-layout-flex wp-container-core-group-is-layout-438e4d21 wp-block-group-is-layout-flex\" style=\"padding-bottom:var(--wp--preset--spacing--80)\"><div style=\"font-size:0.9rem;letter-spacing:1px; margin-top:0;margin-right:0;margin-bottom:0;margin-left:0;\" class=\"has-text-align-left has-link-color wp-elements-5599b62b56904c5408ce764ba1a18b73 wp-block-post-date has-text-color has-contrast-color\"><time datetime=\"2025-05-19T08:11:50+00:00\">5\/19\/2025<\/time><\/div>\n\n\n<div class=\"wp-block-group\" style=\"margin-top:0;margin-bottom:0\"><div class=\"wp-block-group__inner-container is-layout-constrained wp-block-group-is-layout-constrained\"><h3 style=\"font-size:4.6rem;font-style:normal;font-weight:600;line-height:1;\" class=\"has-link-color wp-elements-571b1884d0d214c62b15aea4145c2b75 wp-block-post-title has-text-color has-contrast-color\"><a href=\"https:\/\/babylab-luebeck.de\/en\/wie-beeinflusst-der-geruch-der-mutter-soziale-wahrnehmung-bei-babys\/\" target=\"_self\" >Wie beeinflusst der Geruch der Mutter soziale Wahrnehmung bei Babys?<\/a><\/h3>\n\n<div style=\"line-height:1.7;\" class=\"wp-block-post-excerpt has-small-font-size\"><p class=\"wp-block-post-excerpt__excerpt\">In unserem neuen Artikel diskutieren wir zwei unterschiedliche Mechanismen, \u00fcber die der Geruch der Mutter (oder vielleicht auch der Geruch einer anderen Person?) die Verarbeitung von Gesichtern beeinflussen kann! https:\/\/authors.elsevier.com\/sd\/article\/S1364-6613(25)00089-0 <\/p><\/div><\/div><\/div>\n<\/div>\n<\/div><\/div>\n\n<\/li><li class=\"wp-block-post post-1884 post type-post status-publish format-standard hentry category-uncategorized\">\n\n<div class=\"wp-block-group is-content-justification-left\"><div class=\"wp-block-group__inner-container is-layout-constrained wp-container-core-group-is-layout-b4bdc4c8 wp-block-group-is-layout-constrained\">\n<div class=\"wp-block-group is-vertical is-layout-flex wp-container-core-group-is-layout-438e4d21 wp-block-group-is-layout-flex\" style=\"padding-bottom:var(--wp--preset--spacing--80)\"><div style=\"font-size:0.9rem;letter-spacing:1px; margin-top:0;margin-right:0;margin-bottom:0;margin-left:0;\" class=\"has-text-align-left has-link-color wp-elements-5599b62b56904c5408ce764ba1a18b73 wp-block-post-date has-text-color has-contrast-color\"><time datetime=\"2025-01-20T09:26:31+00:00\">1\/20\/2025<\/time><\/div>\n\n\n<div class=\"wp-block-group\" style=\"margin-top:0;margin-bottom:0\"><div class=\"wp-block-group__inner-container is-layout-constrained wp-block-group-is-layout-constrained\"><h3 style=\"font-size:4.6rem;font-style:normal;font-weight:600;line-height:1;\" class=\"has-link-color wp-elements-571b1884d0d214c62b15aea4145c2b75 wp-block-post-title has-text-color has-contrast-color\"><a href=\"https:\/\/babylab-luebeck.de\/en\/taz-artikel-soziale-erfahrungen-praegen-gesundheit\/\" target=\"_self\" >TAZ Article: Social Experience shapes Health<\/a><\/h3>\n\n<div style=\"line-height:1.7;\" class=\"wp-block-post-excerpt has-small-font-size\"><p class=\"wp-block-post-excerpt__excerpt\">In dem am 15.1.25 erschienen Artikel in der TAZ k\u00f6nnen Sie einen kleinen Eindruck dar\u00fcber gewinnen, was am Institut f\u00fcr Medizinische Psychologie passiert. Das Babylab ist dem Institut angeschlossen, welches von Prof. Dr. Sarah Jessen zusammen mit Prof. Dr. Ulrike Kr\u00e4mer und Prof. Dr. Daniel Scholz geleitet wird. Lesen Sie mehr dazu unter: https:\/\/taz.de\/!6058417 <\/p><\/div><\/div><\/div>\n<\/div>\n<\/div><\/div>\n\n<\/li><li class=\"wp-block-post post-1877 post type-post status-publish format-standard hentry category-uncategorized\">\n\n<div class=\"wp-block-group is-content-justification-left\"><div class=\"wp-block-group__inner-container is-layout-constrained wp-container-core-group-is-layout-b4bdc4c8 wp-block-group-is-layout-constrained\">\n<div class=\"wp-block-group is-vertical is-layout-flex wp-container-core-group-is-layout-438e4d21 wp-block-group-is-layout-flex\" style=\"padding-bottom:var(--wp--preset--spacing--80)\"><div style=\"font-size:0.9rem;letter-spacing:1px; margin-top:0;margin-right:0;margin-bottom:0;margin-left:0;\" class=\"has-text-align-left has-link-color wp-elements-5599b62b56904c5408ce764ba1a18b73 wp-block-post-date has-text-color has-contrast-color\"><time datetime=\"2024-12-12T11:00:45+00:00\">12\/12\/2024<\/time><\/div>\n\n\n<div class=\"wp-block-group\" style=\"margin-top:0;margin-bottom:0\"><div class=\"wp-block-group__inner-container is-layout-constrained wp-block-group-is-layout-constrained\"><h3 style=\"font-size:4.6rem;font-style:normal;font-weight:600;line-height:1;\" class=\"has-link-color wp-elements-571b1884d0d214c62b15aea4145c2b75 wp-block-post-title has-text-color has-contrast-color\"><a href=\"https:\/\/babylab-luebeck.de\/en\/weihachtsnewsletter-2024\/\" target=\"_self\" >Christmas-Newsletter 2024<\/a><\/h3>\n\n<div style=\"line-height:1.7;\" class=\"wp-block-post-excerpt has-small-font-size\"><p class=\"wp-block-post-excerpt__excerpt\">Wir berichten von unseren Aktivit\u00e4ten im Babylab \u00fcber das Jahr 2024 mit spanennden Informationen zu unseren Projekten, unserem Fortschritt und was es sonst noch so zu wissen gibt. Frohe Weihnachten! <\/p><\/div><\/div><\/div>\n<\/div>\n<\/div><\/div>\n\n<\/li><li class=\"wp-block-post post-1860 post type-post status-publish format-standard hentry category-uncategorized\">\n\n<div class=\"wp-block-group is-content-justification-left\"><div class=\"wp-block-group__inner-container is-layout-constrained wp-container-core-group-is-layout-b4bdc4c8 wp-block-group-is-layout-constrained\">\n<div class=\"wp-block-group is-vertical is-layout-flex wp-container-core-group-is-layout-438e4d21 wp-block-group-is-layout-flex\" style=\"padding-bottom:var(--wp--preset--spacing--80)\"><div style=\"font-size:0.9rem;letter-spacing:1px; margin-top:0;margin-right:0;margin-bottom:0;margin-left:0;\" class=\"has-text-align-left has-link-color wp-elements-5599b62b56904c5408ce764ba1a18b73 wp-block-post-date has-text-color has-contrast-color\"><time datetime=\"2024-07-28T21:53:21+00:00\">7\/28\/2024<\/time><\/div>\n\n\n<div class=\"wp-block-group\" style=\"margin-top:0;margin-bottom:0\"><div class=\"wp-block-group__inner-container is-layout-constrained wp-block-group-is-layout-constrained\"><h3 style=\"font-size:4.6rem;font-style:normal;font-weight:600;line-height:1;\" class=\"has-link-color wp-elements-571b1884d0d214c62b15aea4145c2b75 wp-block-post-title has-text-color has-contrast-color\"><a href=\"https:\/\/babylab-luebeck.de\/en\/vorstellung-von-ergebnissen-auf-der-icis-in-glasgow\/\" target=\"_self\" >Vorstellung von Ergebnissen auf der ICIS in Glasgow<\/a><\/h3>\n\n<div style=\"line-height:1.7;\" class=\"wp-block-post-excerpt has-small-font-size\"><p class=\"wp-block-post-excerpt__excerpt\">Antonia D\u00fcfeld und Sarah Jessen aus dem Babylab haben im Juli neue Ergebnisse zur Rolle des v\u00e4terlichen Geruchs f\u00fcr die fr\u00fche soziale Entwicklung auf dem International Congress of Infant Studies (ICIS) in Glasgow vorgestellt, und viele neue Ideen und Einblicke in aktuelle Forschungsthemen mitgenommen. Mehr Infos zur Tagung gibt es hier: https:\/\/infantstudies.org\/2024-Congress\/ <\/p><\/div><\/div><\/div>\n<\/div>\n<\/div><\/div>\n\n<\/li><li class=\"wp-block-post post-1845 post type-post status-publish format-standard hentry category-uncategorized\">\n\n<div class=\"wp-block-group is-content-justification-left\"><div class=\"wp-block-group__inner-container is-layout-constrained wp-container-core-group-is-layout-b4bdc4c8 wp-block-group-is-layout-constrained\">\n<div class=\"wp-block-group is-vertical is-layout-flex wp-container-core-group-is-layout-438e4d21 wp-block-group-is-layout-flex\" style=\"padding-bottom:var(--wp--preset--spacing--80)\"><div style=\"font-size:0.9rem;letter-spacing:1px; margin-top:0;margin-right:0;margin-bottom:0;margin-left:0;\" class=\"has-text-align-left has-link-color wp-elements-5599b62b56904c5408ce764ba1a18b73 wp-block-post-date has-text-color has-contrast-color\"><time datetime=\"2024-07-01T14:37:59+00:00\">7\/1\/2024<\/time><\/div>\n\n\n<div class=\"wp-block-group\" style=\"margin-top:0;margin-bottom:0\"><div class=\"wp-block-group__inner-container is-layout-constrained wp-block-group-is-layout-constrained\"><h3 style=\"font-size:4.6rem;font-style:normal;font-weight:600;line-height:1;\" class=\"has-link-color wp-elements-571b1884d0d214c62b15aea4145c2b75 wp-block-post-title has-text-color has-contrast-color\"><a href=\"https:\/\/babylab-luebeck.de\/en\/eroeffnungsfeier-institut-fuer-medizinische-psychology\/\" target=\"_self\" >Er\u00f6ffnungsfeier Institut f\u00fcr Medizinische Psychology<\/a><\/h3>\n\n<div style=\"line-height:1.7;\" class=\"wp-block-post-excerpt has-small-font-size\"><p class=\"wp-block-post-excerpt__excerpt\">Seit Anfang des Jahres geh\u00f6rt das Babylab offiziell zum neu- bzw. wiedergegr\u00fcndeten Institut f\u00fcr Medizinische Psychologie. Am 26.6. fand nun die feierliche Er\u00f6ffnungsfeier des Instituts statt, das von Sarah Jessen vom Babylab, Ulrike Kr\u00e4mer (https:\/\/www.cns-luebeck.com) und Daniel Scholz aus der Musikhochschule L\u00fcbeck geleitet wird. Nach einem kurzen Gru\u00dfwort der kommissarischen Pr\u00e4sidentin der Universit\u00e4t zu L\u00fcbeck,&hellip; <\/p><\/div><\/div><\/div>\n<\/div>\n<\/div><\/div>\n\n<\/li><\/ul>\n\n\n<div class=\"wp-block-group is-content-justification-left\" style=\"margin-top:0;margin-bottom:0;padding-top:0;padding-right:var(--wp--preset--spacing--40);padding-bottom:var(--wp--preset--spacing--40);padding-left:var(--wp--preset--spacing--40)\"><div class=\"wp-block-group__inner-container is-layout-constrained wp-container-core-group-is-layout-4f3b647b wp-block-group-is-layout-constrained\"><nav class=\"wp-block-query-pagination is-content-justification-left is-nowrap is-layout-flex wp-container-core-query-pagination-is-layout-f56a869c wp-block-query-pagination-is-layout-flex\" aria-label=\"Pagination\">\n\n\n<a href=\"\/en\/wp-json\/wp\/v2\/pages\/1802?query-31-page=2\" style=\"font-size:0.9rem;text-transform:uppercase;letter-spacing:1px;\" class=\"wp-elements-165a8aa96a7546446f11c5f70728c230 wp-block-query-pagination-next\">Next Page<\/a>\n<\/nav><\/div><\/div>\n<\/div><\/div>\n<\/div>","protected":false},"excerpt":{"rendered":"","protected":false},"author":1,"featured_media":0,"parent":0,"menu_order":0,"comment_status":"closed","ping_status":"closed","template":"","meta":{"footnotes":""},"class_list":["post-1802","page","type-page","status-publish","hentry"],"_links":{"self":[{"href":"https:\/\/babylab-luebeck.de\/en\/wp-json\/wp\/v2\/pages\/1802","targetHints":{"allow":["GET"]}}],"collection":[{"href":"https:\/\/babylab-luebeck.de\/en\/wp-json\/wp\/v2\/pages"}],"about":[{"href":"https:\/\/babylab-luebeck.de\/en\/wp-json\/wp\/v2\/types\/page"}],"author":[{"embeddable":true,"href":"https:\/\/babylab-luebeck.de\/en\/wp-json\/wp\/v2\/users\/1"}],"replies":[{"embeddable":true,"href":"https:\/\/babylab-luebeck.de\/en\/wp-json\/wp\/v2\/comments?post=1802"}],"version-history":[{"count":13,"href":"https:\/\/babylab-luebeck.de\/en\/wp-json\/wp\/v2\/pages\/1802\/revisions"}],"predecessor-version":[{"id":1931,"href":"https:\/\/babylab-luebeck.de\/en\/wp-json\/wp\/v2\/pages\/1802\/revisions\/1931"}],"wp:attachment":[{"href":"https:\/\/babylab-luebeck.de\/en\/wp-json\/wp\/v2\/media?parent=1802"}],"curies":[{"name":"wp","href":"https:\/\/api.w.org\/{rel}","templated":true}]}}