{"id":186,"date":"2016-07-24T15:30:16","date_gmt":"2016-07-24T13:30:16","guid":{"rendered":"https:\/\/luebeckbabylab.wordpress.com\/kontakt\/"},"modified":"2025-08-12T08:20:24","modified_gmt":"2025-08-12T08:20:24","slug":"kontakt","status":"publish","type":"page","link":"https:\/\/babylab-luebeck.de\/en\/kontakt\/","title":{"rendered":"Contact"},"content":{"rendered":"<p><strong>Prof. Dr. Sarah Jessen<\/strong><br \/>\nInstitute of Medical Psychology<br \/>\nRatzeburger Allee 160<br \/>\n23562 L\u00fcbeck<\/p>\n<p><strong>Center of Brain, Behavior and Metabolism (CBBM)\u00a0<\/strong><strong><a href=\"https:\/\/www.google.de\/maps\/place\/Center+of+Brain,+Behavior+and+Metabolism+(CBBM)\/@53.8350999,10.7018469,17z\/data=!4m5!3m4!1s0x47b209054965c135:0x5f371c4ae27d6486!8m2!3d53.8349765!4d10.7036762\" target=\"_blank\" rel=\"noopener\">(here)<\/a><br \/>\n<\/strong><span class=\"_Xbe\">Marie-Curie-Stra\u00dfe<br \/>\n23562 L\u00fcbeck<\/span><\/p>\n<p><strong>We are available under:<\/strong><\/p>\n<p>Phone: +49<br \/>\nemail: info@babylab-luebeck.de<\/p>\n<p>Or with our <a href=\"http:\/\/babylab-luebeck.de\/en\/?page_id=175\">Contact Form<\/a><\/p>\n<p><a href=\"https:\/\/www.uni-luebeck.de\/universitaet\/universitaet.html\" target=\"_blank\" rel=\"noopener\">University of L\u00fcbeck<\/a><\/p>\n<p><a href=\"https:\/\/www.imp.uni-luebeck.de\/institut\">Institute of Medical Psychology<\/a><\/p>\n\n<div class=\"wpcf7 no-js\" id=\"wpcf7-f337-o1\" lang=\"de-DE\" dir=\"ltr\" data-wpcf7-id=\"337\">\n<div class=\"screen-reader-response\"><p role=\"status\" aria-live=\"polite\" aria-atomic=\"true\"><\/p> <ul><\/ul><\/div>\n<form action=\"\/en\/wp-json\/wp\/v2\/pages\/186#wpcf7-f337-o1\" method=\"post\" class=\"wpcf7-form init\" aria-label=\"Contact Form\" novalidate=\"novalidate\" data-status=\"init\" data-trp-original-action=\"\/en\/wp-json\/wp\/v2\/pages\/186#wpcf7-f337-o1\">\n<fieldset class=\"hidden-fields-container\"><input type=\"hidden\" name=\"_wpcf7\" value=\"337\" \/><input type=\"hidden\" name=\"_wpcf7_version\" value=\"6.1.5\" \/><input type=\"hidden\" name=\"_wpcf7_locale\" value=\"de_DE\" \/><input type=\"hidden\" name=\"_wpcf7_unit_tag\" value=\"wpcf7-f337-o1\" \/><input type=\"hidden\" name=\"_wpcf7_container_post\" value=\"0\" \/><input type=\"hidden\" name=\"_wpcf7_posted_data_hash\" value=\"\" \/>\n<\/fieldset>\n<p><label> Your Name (required)<br \/>\n<span class=\"wpcf7-form-control-wrap\" data-name=\"your-name\"><input size=\"40\" maxlength=\"400\" class=\"wpcf7-form-control wpcf7-text wpcf7-validates-as-required\" aria-required=\"true\" aria-invalid=\"false\" value=\"\" type=\"text\" name=\"your-name\" \/><\/span> <\/label>\n<\/p>\n<p><label> Your email (required)<br \/>\n<span class=\"wpcf7-form-control-wrap\" data-name=\"your-email\"><input size=\"40\" maxlength=\"400\" class=\"wpcf7-form-control wpcf7-email wpcf7-validates-as-required wpcf7-text wpcf7-validates-as-email\" aria-required=\"true\" aria-invalid=\"false\" value=\"\" type=\"email\" name=\"your-email\" \/><\/span> <\/label>\n<\/p>\n<p><label> Subject<br \/>\n<span class=\"wpcf7-form-control-wrap\" data-name=\"your-subject\"><input size=\"40\" maxlength=\"400\" class=\"wpcf7-form-control wpcf7-text\" aria-invalid=\"false\" value=\"\" type=\"text\" name=\"your-subject\" \/><\/span> <\/label>\n<\/p>\n<p><label> Your Message<br \/>\n<span class=\"wpcf7-form-control-wrap\" data-name=\"your-message\"><textarea cols=\"40\" rows=\"10\" maxlength=\"2000\" class=\"wpcf7-form-control wpcf7-textarea\" aria-invalid=\"false\" name=\"your-message\"><\/textarea><\/span> <\/label>\n<\/p>\n<p><span class=\"wpcf7-form-control-wrap\" data-name=\"Kontakt\"><span class=\"wpcf7-form-control wpcf7-radio\"><span class=\"wpcf7-list-item first last\"><input type=\"radio\" name=\"Kontakt\" value=\"Bitte nehmen Sie unverbindlich Kontakt zu mir auf!\" checked=\"checked\" \/><span class=\"wpcf7-list-item-label\">Please contact me without further obligation!<\/span><\/span><\/span><\/span>\n<\/p>\n<p><input class=\"wpcf7-form-control wpcf7-submit has-spinner\" type=\"submit\" value=\"Send\" \/>\n<\/p><div class=\"wpcf7-response-output\" aria-hidden=\"true\"><\/div>\n<input type=\"hidden\" name=\"trp-form-language\" value=\"en\"\/><\/form>\n<\/div>","protected":false},"excerpt":{"rendered":"<p>Prof. Dr. Sarah Jessen Institut f\u00fcr Medizinische Psychologie Ratzeburger Allee 160 23562 L\u00fcbeck Center of Brain, Behavior and Metabolism (CBBM)\u00a0(hier) Marie-Curie-Stra\u00dfe 23562 L\u00fcbeck Sie erreichen uns unter: Tel.: 0451 &#8211; 3101 7449 Mail: info@babylab-luebeck.de Oder mithilfe unseres Kontaktformulares Universit\u00e4t zu L\u00fcbeck Institut f\u00fcr Medizinische Psychologie<\/p>","protected":false},"author":1,"featured_media":0,"parent":0,"menu_order":0,"comment_status":"closed","ping_status":"closed","template":"","meta":{"footnotes":""},"class_list":["post-186","page","type-page","status-publish","hentry"],"_links":{"self":[{"href":"https:\/\/babylab-luebeck.de\/en\/wp-json\/wp\/v2\/pages\/186","targetHints":{"allow":["GET"]}}],"collection":[{"href":"https:\/\/babylab-luebeck.de\/en\/wp-json\/wp\/v2\/pages"}],"about":[{"href":"https:\/\/babylab-luebeck.de\/en\/wp-json\/wp\/v2\/types\/page"}],"author":[{"embeddable":true,"href":"https:\/\/babylab-luebeck.de\/en\/wp-json\/wp\/v2\/users\/1"}],"replies":[{"embeddable":true,"href":"https:\/\/babylab-luebeck.de\/en\/wp-json\/wp\/v2\/comments?post=186"}],"version-history":[{"count":11,"href":"https:\/\/babylab-luebeck.de\/en\/wp-json\/wp\/v2\/pages\/186\/revisions"}],"predecessor-version":[{"id":1941,"href":"https:\/\/babylab-luebeck.de\/en\/wp-json\/wp\/v2\/pages\/186\/revisions\/1941"}],"wp:attachment":[{"href":"https:\/\/babylab-luebeck.de\/en\/wp-json\/wp\/v2\/media?parent=186"}],"curies":[{"name":"wp","href":"https:\/\/api.w.org\/{rel}","templated":true}]}}