{"id":532,"date":"2019-01-28T20:52:12","date_gmt":"2019-01-28T20:52:12","guid":{"rendered":"http:\/\/babylab-luebeck.de\/?page_id=532"},"modified":"2026-03-24T12:12:59","modified_gmt":"2026-03-24T12:12:59","slug":"unser-team","status":"publish","type":"page","link":"https:\/\/babylab-luebeck.de\/en\/unser-team\/","title":{"rendered":"Our Team"},"content":{"rendered":"<p><style>\/*! elementor - v3.17.0 - 08-11-2023 *\/<br \/>\n.elementor-widget-image-box .elementor-image-box-content{width:100%}@media (min-width:768px){.elementor-widget-image-box.elementor-position-left .elementor-image-box-wrapper,.elementor-widget-image-box.elementor-position-right .elementor-image-box-wrapper{display:flex}.elementor-widget-image-box.elementor-position-right .elementor-image-box-wrapper{text-align:right;flex-direction:row-reverse}.elementor-widget-image-box.elementor-position-left .elementor-image-box-wrapper{text-align:left;flex-direction:row}.elementor-widget-image-box.elementor-position-top .elementor-image-box-img{margin:auto}.elementor-widget-image-box.elementor-vertical-align-top .elementor-image-box-wrapper{align-items:flex-start}.elementor-widget-image-box.elementor-vertical-align-middle .elementor-image-box-wrapper{align-items:center}.elementor-widget-image-box.elementor-vertical-align-bottom .elementor-image-box-wrapper{align-items:flex-end}}@media (max-width:767px){.elementor-widget-image-box .elementor-image-box-img{margin-left:auto!important;margin-right:auto!important;margin-bottom:15px}}.elementor-widget-image-box .elementor-image-box-img{display:inline-block}.elementor-widget-image-box .elementor-image-box-title a{color:inherit}.elementor-widget-image-box .elementor-image-box-wrapper{text-align:center}.elementor-widget-image-box .elementor-image-box-description{margin:0}<\/style><\/p>\n\n\n\n<div class=\"wp-block-columns is-layout-flex wp-container-core-columns-is-layout-9d6595d7 wp-block-columns-is-layout-flex\">\n<div class=\"wp-block-column is-layout-flow wp-block-column-is-layout-flow\" style=\"flex-basis:100%\">\n<div class=\"wp-block-columns is-layout-flex wp-container-core-columns-is-layout-9d6595d7 wp-block-columns-is-layout-flex\">\n<div class=\"wp-block-column is-layout-flow wp-block-column-is-layout-flow\">\n<figure class=\"wp-block-gallery has-nested-images columns-default is-cropped wp-block-gallery-1 is-layout-flex wp-block-gallery-is-layout-flex\">\n<figure class=\"wp-block-image size-large\"><img loading=\"lazy\" decoding=\"async\" width=\"1024\" height=\"1024\" data-id=\"901\" src=\"http:\/\/babylab-luebeck.de\/wp-content\/uploads\/2021\/09\/SarahFall2021small-e1632401397844-1024x1024.jpg\" alt=\"\" class=\"wp-image-901\" srcset=\"https:\/\/babylab-luebeck.de\/wp-content\/uploads\/2021\/09\/SarahFall2021small-e1632401397844-1024x1024.jpg 1024w, https:\/\/babylab-luebeck.de\/wp-content\/uploads\/2021\/09\/SarahFall2021small-e1632401397844-150x150.jpg 150w, https:\/\/babylab-luebeck.de\/wp-content\/uploads\/2021\/09\/SarahFall2021small-e1632401397844-300x300.jpg 300w, https:\/\/babylab-luebeck.de\/wp-content\/uploads\/2021\/09\/SarahFall2021small-e1632401397844-768x768.jpg 768w\" sizes=\"auto, (max-width: 1024px) 100vw, 1024px\" \/><\/figure>\n\n\n\n<figure class=\"wp-block-image size-large\"><img loading=\"lazy\" decoding=\"async\" width=\"1024\" height=\"1024\" data-id=\"1643\" src=\"http:\/\/babylab-luebeck.de\/wp-content\/uploads\/2023\/11\/Lichtbild_Maffongelli-1024x1024.jpg\" alt=\"\" class=\"wp-image-1643\" srcset=\"https:\/\/babylab-luebeck.de\/wp-content\/uploads\/2023\/11\/Lichtbild_Maffongelli-1024x1024.jpg 1024w, https:\/\/babylab-luebeck.de\/wp-content\/uploads\/2023\/11\/Lichtbild_Maffongelli-300x300.jpg 300w, https:\/\/babylab-luebeck.de\/wp-content\/uploads\/2023\/11\/Lichtbild_Maffongelli-150x150.jpg 150w, https:\/\/babylab-luebeck.de\/wp-content\/uploads\/2023\/11\/Lichtbild_Maffongelli-768x768.jpg 768w, https:\/\/babylab-luebeck.de\/wp-content\/uploads\/2023\/11\/Lichtbild_Maffongelli-1536x1536.jpg 1536w, https:\/\/babylab-luebeck.de\/wp-content\/uploads\/2023\/11\/Lichtbild_Maffongelli.jpg 1613w\" sizes=\"auto, (max-width: 1024px) 100vw, 1024px\" \/><\/figure>\n\n\n\n<figure class=\"wp-block-image size-large\"><img loading=\"lazy\" decoding=\"async\" width=\"791\" height=\"791\" data-id=\"1641\" src=\"http:\/\/babylab-luebeck.de\/wp-content\/uploads\/2023\/11\/DSC013092028229-791x1024-1.jpg\" alt=\"\" class=\"wp-image-1641\" srcset=\"https:\/\/babylab-luebeck.de\/wp-content\/uploads\/2023\/11\/DSC013092028229-791x1024-1.jpg 791w, https:\/\/babylab-luebeck.de\/wp-content\/uploads\/2023\/11\/DSC013092028229-791x1024-1-300x300.jpg 300w, https:\/\/babylab-luebeck.de\/wp-content\/uploads\/2023\/11\/DSC013092028229-791x1024-1-150x150.jpg 150w, https:\/\/babylab-luebeck.de\/wp-content\/uploads\/2023\/11\/DSC013092028229-791x1024-1-768x768.jpg 768w\" sizes=\"auto, (max-width: 791px) 100vw, 791px\" \/><\/figure>\n<\/figure>\n\n\n\n<div class=\"wp-block-columns is-layout-flex wp-container-core-columns-is-layout-9d6595d7 wp-block-columns-is-layout-flex\">\n<div class=\"wp-block-column is-layout-flow wp-block-column-is-layout-flow\">\n<p class=\"has-text-align-center\"><strong>Prof. Dr. Sarah Jessen<\/strong><br>+49 451 3101 7449<br><\/p>\n\n\n\n<p class=\"has-text-align-center\">Principal Investigator<\/p>\n\n\n\n<p class=\"has-text-align-center\"><a href=\"http:\/\/babylab-luebeck.de\/en\/?page_id=146\" data-type=\"page\" data-id=\"146\">CV<\/a><\/p>\n\n\n\n<p class=\"has-text-align-center\"><a href=\"http:\/\/babylab-luebeck.de\/en\/?page_id=157\">Publications<\/a><\/p>\n<\/div>\n\n\n\n<div class=\"wp-block-column is-layout-flow wp-block-column-is-layout-flow\">\n<p class=\"has-text-align-center word-break: break-word !important;\"><strong>Dr. Laura Maffongelli<\/strong><br>+49 451 3101 7448<\/p>\n\n\n\n<p class=\"has-text-align-center\">Postdoc<\/p>\n\n\n\n<p class=\"has-text-align-center\"><a href=\"http:\/\/babylab-luebeck.de\/en\/?page_id=1705\" data-type=\"page\" data-id=\"1705\">CV<\/a><\/p>\n\n\n\n<p class=\"has-text-align-center\"><a href=\"http:\/\/babylab-luebeck.de\/en\/?page_id=1719\" data-type=\"page\" data-id=\"1719\">Publications<\/a><\/p>\n<\/div>\n\n\n\n<div class=\"wp-block-column is-layout-flow wp-block-column-is-layout-flow\">\n<p class=\"has-text-align-center\"><strong>Sophie Schierbaum<\/strong><\/p>\n\n\n\n<p class=\"has-text-align-center\">MD doctorate<\/p>\n<\/div>\n<\/div>\n<\/div>\n<\/div>\n<\/div>\n<\/div>\n\n\n\n<figure class=\"wp-block-gallery has-nested-images columns-default is-cropped wp-block-gallery-2 is-layout-flex wp-block-gallery-is-layout-flex\">\n<figure class=\"wp-block-image size-large\"><img loading=\"lazy\" decoding=\"async\" width=\"716\" height=\"710\" data-id=\"1651\" src=\"http:\/\/babylab-luebeck.de\/wp-content\/uploads\/2023\/11\/AD_Bild.jpeg\" alt=\"\" class=\"wp-image-1651\" srcset=\"https:\/\/babylab-luebeck.de\/wp-content\/uploads\/2023\/11\/AD_Bild.jpeg 716w, https:\/\/babylab-luebeck.de\/wp-content\/uploads\/2023\/11\/AD_Bild-300x297.jpeg 300w, https:\/\/babylab-luebeck.de\/wp-content\/uploads\/2023\/11\/AD_Bild-150x150.jpeg 150w\" sizes=\"auto, (max-width: 716px) 100vw, 716px\" \/><\/figure>\n\n\n\n<figure class=\"wp-block-image size-large\"><img loading=\"lazy\" decoding=\"async\" width=\"1024\" height=\"1024\" data-id=\"1654\" src=\"http:\/\/babylab-luebeck.de\/wp-content\/uploads\/2023\/11\/IMG_12412-1024x1024.jpg\" alt=\"\" class=\"wp-image-1654\" srcset=\"https:\/\/babylab-luebeck.de\/wp-content\/uploads\/2023\/11\/IMG_12412-1024x1024.jpg 1024w, https:\/\/babylab-luebeck.de\/wp-content\/uploads\/2023\/11\/IMG_12412-300x300.jpg 300w, https:\/\/babylab-luebeck.de\/wp-content\/uploads\/2023\/11\/IMG_12412-150x150.jpg 150w, https:\/\/babylab-luebeck.de\/wp-content\/uploads\/2023\/11\/IMG_12412-768x767.jpg 768w, https:\/\/babylab-luebeck.de\/wp-content\/uploads\/2023\/11\/IMG_12412-1536x1534.jpg 1536w, https:\/\/babylab-luebeck.de\/wp-content\/uploads\/2023\/11\/IMG_12412.jpg 1742w\" sizes=\"auto, (max-width: 1024px) 100vw, 1024px\" \/><\/figure>\n\n\n\n<figure class=\"wp-block-image size-large\"><img loading=\"lazy\" decoding=\"async\" width=\"1024\" height=\"1017\" data-id=\"1655\" src=\"http:\/\/babylab-luebeck.de\/wp-content\/uploads\/2023\/11\/franziska-1024x1017-1.jpg\" alt=\"\" class=\"wp-image-1655\" srcset=\"https:\/\/babylab-luebeck.de\/wp-content\/uploads\/2023\/11\/franziska-1024x1017-1.jpg 1024w, https:\/\/babylab-luebeck.de\/wp-content\/uploads\/2023\/11\/franziska-1024x1017-1-300x298.jpg 300w, https:\/\/babylab-luebeck.de\/wp-content\/uploads\/2023\/11\/franziska-1024x1017-1-150x150.jpg 150w, https:\/\/babylab-luebeck.de\/wp-content\/uploads\/2023\/11\/franziska-1024x1017-1-768x763.jpg 768w\" sizes=\"auto, (max-width: 1024px) 100vw, 1024px\" \/><\/figure>\n<\/figure>\n\n\n\n<div class=\"wp-block-columns is-layout-flex wp-container-core-columns-is-layout-9d6595d7 wp-block-columns-is-layout-flex\">\n<div class=\"wp-block-column is-layout-flow wp-block-column-is-layout-flow\">\n<p class=\"has-text-align-center\"><strong>Antonia D\u00fcfeld<\/strong><br>+49 451 3101 7451<\/p>\n\n\n\n<p class=\"has-text-align-center\">PhD student (psychology)<\/p>\n\n\n\n<p class=\"has-text-align-center\"><a href=\"https:\/\/babylab-luebeck.de\/en\/publikationen-antonia-duefeld\/\" data-type=\"page\" data-id=\"1896\">Publications<\/a><br><\/p>\n<\/div>\n\n\n\n<div class=\"wp-block-column is-layout-flow wp-block-column-is-layout-flow\">\n<p class=\"has-text-align-center\"><strong>Robin Nehler<\/strong><br>+49 451 3101 7411<\/p>\n\n\n\n<p class=\"has-text-align-center\">PhD student (psychology)<\/p>\n\n\n\n<p class=\"has-text-align-center\"><a href=\"https:\/\/babylab-luebeck.de\/en\/publikationen-robin-nehler\/\" data-type=\"page\" data-id=\"1898\">Publications<\/a><br><\/p>\n<\/div>\n\n\n\n<div class=\"wp-block-column is-layout-flow wp-block-column-is-layout-flow\">\n<p class=\"has-text-align-center\"><strong>Franziska Buchmann<\/strong><br>+49 451 3101 7452<\/p>\n\n\n\n<p class=\"has-text-align-center\">PhD student (psychology)<br><\/p>\n<\/div>\n<\/div>\n\n\n\n<div style=\"height:20px\" aria-hidden=\"true\" class=\"wp-block-spacer\"><\/div>\n\n\n\n<p class=\"has-text-align-center\"><strong>Student Assistants<\/strong><\/p>\n\n\n\n<figure class=\"wp-block-gallery has-nested-images columns-default is-cropped wp-block-gallery-3 is-layout-flex wp-block-gallery-is-layout-flex\">\n<figure class=\"wp-block-image size-large\"><img loading=\"lazy\" decoding=\"async\" width=\"1007\" height=\"1007\" data-id=\"1644\" src=\"http:\/\/babylab-luebeck.de\/wp-content\/uploads\/2023\/11\/sophie_haenichen.jpeg\" alt=\"\" class=\"wp-image-1644\" srcset=\"https:\/\/babylab-luebeck.de\/wp-content\/uploads\/2023\/11\/sophie_haenichen.jpeg 1007w, https:\/\/babylab-luebeck.de\/wp-content\/uploads\/2023\/11\/sophie_haenichen-300x300.jpeg 300w, https:\/\/babylab-luebeck.de\/wp-content\/uploads\/2023\/11\/sophie_haenichen-150x150.jpeg 150w, https:\/\/babylab-luebeck.de\/wp-content\/uploads\/2023\/11\/sophie_haenichen-768x768.jpeg 768w\" sizes=\"auto, (max-width: 1007px) 100vw, 1007px\" \/><\/figure>\n\n\n\n<figure class=\"wp-block-image size-large\"><img loading=\"lazy\" decoding=\"async\" width=\"1024\" height=\"1024\" data-id=\"1650\" src=\"http:\/\/babylab-luebeck.de\/wp-content\/uploads\/2023\/11\/Emma_Homepage-1024x1024.jpg\" alt=\"\" class=\"wp-image-1650\" srcset=\"https:\/\/babylab-luebeck.de\/wp-content\/uploads\/2023\/11\/Emma_Homepage-1024x1024.jpg 1024w, https:\/\/babylab-luebeck.de\/wp-content\/uploads\/2023\/11\/Emma_Homepage-300x300.jpg 300w, https:\/\/babylab-luebeck.de\/wp-content\/uploads\/2023\/11\/Emma_Homepage-150x150.jpg 150w, https:\/\/babylab-luebeck.de\/wp-content\/uploads\/2023\/11\/Emma_Homepage-768x768.jpg 768w, https:\/\/babylab-luebeck.de\/wp-content\/uploads\/2023\/11\/Emma_Homepage-1536x1536.jpg 1536w, https:\/\/babylab-luebeck.de\/wp-content\/uploads\/2023\/11\/Emma_Homepage-2048x2048.jpg 2048w\" sizes=\"auto, (max-width: 1024px) 100vw, 1024px\" \/><\/figure>\n\n\n\n<figure class=\"wp-block-image size-large\"><img loading=\"lazy\" decoding=\"async\" width=\"1024\" height=\"1024\" data-id=\"1649\" src=\"http:\/\/babylab-luebeck.de\/wp-content\/uploads\/2023\/11\/Hannah-1024x1024.jpg\" alt=\"\" class=\"wp-image-1649\" srcset=\"https:\/\/babylab-luebeck.de\/wp-content\/uploads\/2023\/11\/Hannah-1024x1024.jpg 1024w, https:\/\/babylab-luebeck.de\/wp-content\/uploads\/2023\/11\/Hannah-300x300.jpg 300w, https:\/\/babylab-luebeck.de\/wp-content\/uploads\/2023\/11\/Hannah-150x150.jpg 150w, https:\/\/babylab-luebeck.de\/wp-content\/uploads\/2023\/11\/Hannah-768x768.jpg 768w, https:\/\/babylab-luebeck.de\/wp-content\/uploads\/2023\/11\/Hannah-1536x1536.jpg 1536w, https:\/\/babylab-luebeck.de\/wp-content\/uploads\/2023\/11\/Hannah-2048x2048.jpg 2048w\" sizes=\"auto, (max-width: 1024px) 100vw, 1024px\" \/><\/figure>\n<\/figure>\n\n\n\n<div class=\"wp-block-columns is-layout-flex wp-container-core-columns-is-layout-9d6595d7 wp-block-columns-is-layout-flex\">\n<div class=\"wp-block-column is-layout-flow wp-block-column-is-layout-flow\">\n<p class=\"has-text-align-center\"><strong>Sophie Haenichen<\/strong><\/p>\n<\/div>\n\n\n\n<div class=\"wp-block-column is-layout-flow wp-block-column-is-layout-flow\">\n<p class=\"has-text-align-center\"><strong>Emma Peplies<\/strong><\/p>\n<\/div>\n\n\n\n<div class=\"wp-block-column is-layout-flow wp-block-column-is-layout-flow\">\n<p class=\"has-text-align-right\"><strong>Hannah<\/strong> <strong>Uehlinger<\/strong><\/p>\n<\/div>\n<\/div>\n\n\n\n<div class=\"wp-block-columns is-layout-flex wp-container-core-columns-is-layout-9d6595d7 wp-block-columns-is-layout-flex\">\n<div class=\"wp-block-column is-layout-flow wp-block-column-is-layout-flow\">\n<p class=\"has-text-align-center\"><\/p>\n<\/div>\n<\/div>\n\n\n\n<div class=\"wp-block-columns is-layout-flex wp-container-core-columns-is-layout-9d6595d7 wp-block-columns-is-layout-flex\">\n<div class=\"wp-block-column is-layout-flow wp-block-column-is-layout-flow\">\n<figure class=\"wp-block-image size-large\"><img loading=\"lazy\" decoding=\"async\" width=\"1024\" height=\"1024\" src=\"http:\/\/babylab-luebeck.de\/wp-content\/uploads\/2024\/06\/hannahpeilicke-Kopie-1024x1024.jpg\" alt=\"\" class=\"wp-image-1752\" srcset=\"https:\/\/babylab-luebeck.de\/wp-content\/uploads\/2024\/06\/hannahpeilicke-Kopie-1024x1024.jpg 1024w, https:\/\/babylab-luebeck.de\/wp-content\/uploads\/2024\/06\/hannahpeilicke-Kopie-300x300.jpg 300w, https:\/\/babylab-luebeck.de\/wp-content\/uploads\/2024\/06\/hannahpeilicke-Kopie-150x150.jpg 150w, https:\/\/babylab-luebeck.de\/wp-content\/uploads\/2024\/06\/hannahpeilicke-Kopie-768x768.jpg 768w, https:\/\/babylab-luebeck.de\/wp-content\/uploads\/2024\/06\/hannahpeilicke-Kopie.jpg 1039w\" sizes=\"auto, (max-width: 1024px) 100vw, 1024px\" \/><\/figure>\n<\/div>\n\n\n\n<div class=\"wp-block-column is-layout-flow wp-block-column-is-layout-flow\">\n<figure class=\"wp-block-image size-large\"><img loading=\"lazy\" decoding=\"async\" width=\"1024\" height=\"1024\" src=\"http:\/\/babylab-luebeck.de\/wp-content\/uploads\/2025\/01\/Ella_sq-1024x1024.jpeg\" alt=\"\" class=\"wp-image-1881\" srcset=\"https:\/\/babylab-luebeck.de\/wp-content\/uploads\/2025\/01\/Ella_sq-1024x1024.jpeg 1024w, https:\/\/babylab-luebeck.de\/wp-content\/uploads\/2025\/01\/Ella_sq-300x300.jpeg 300w, https:\/\/babylab-luebeck.de\/wp-content\/uploads\/2025\/01\/Ella_sq-150x150.jpeg 150w, https:\/\/babylab-luebeck.de\/wp-content\/uploads\/2025\/01\/Ella_sq-768x768.jpeg 768w, https:\/\/babylab-luebeck.de\/wp-content\/uploads\/2025\/01\/Ella_sq-1536x1536.jpeg 1536w, https:\/\/babylab-luebeck.de\/wp-content\/uploads\/2025\/01\/Ella_sq-2048x2048.jpeg 2048w\" sizes=\"auto, (max-width: 1024px) 100vw, 1024px\" \/><\/figure>\n<\/div>\n\n\n\n<div class=\"wp-block-column is-layout-flow wp-block-column-is-layout-flow\">\n<figure class=\"wp-block-image size-large\"><img loading=\"lazy\" decoding=\"async\" width=\"1024\" height=\"1024\" src=\"http:\/\/babylab-luebeck.de\/wp-content\/uploads\/2024\/12\/Maike_sq-1-1024x1024.jpg\" alt=\"\" class=\"wp-image-1875\" srcset=\"https:\/\/babylab-luebeck.de\/wp-content\/uploads\/2024\/12\/Maike_sq-1-1024x1024.jpg 1024w, https:\/\/babylab-luebeck.de\/wp-content\/uploads\/2024\/12\/Maike_sq-1-300x300.jpg 300w, https:\/\/babylab-luebeck.de\/wp-content\/uploads\/2024\/12\/Maike_sq-1-150x150.jpg 150w, https:\/\/babylab-luebeck.de\/wp-content\/uploads\/2024\/12\/Maike_sq-1-768x768.jpg 768w, https:\/\/babylab-luebeck.de\/wp-content\/uploads\/2024\/12\/Maike_sq-1-1536x1536.jpg 1536w, https:\/\/babylab-luebeck.de\/wp-content\/uploads\/2024\/12\/Maike_sq-1-2048x2048.jpg 2048w\" sizes=\"auto, (max-width: 1024px) 100vw, 1024px\" \/><\/figure>\n<\/div>\n<\/div>\n\n\n\n<div class=\"wp-block-columns is-layout-flex wp-container-core-columns-is-layout-9d6595d7 wp-block-columns-is-layout-flex\">\n<div class=\"wp-block-column is-layout-flow wp-block-column-is-layout-flow\">\n<p class=\"has-text-align-center\"><strong>Hannah<\/strong> <strong>Peilicke<\/strong><\/p>\n<\/div>\n\n\n\n<div class=\"wp-block-column is-layout-flow wp-block-column-is-layout-flow\">\n<p class=\"has-text-align-center\"><strong>Ella Paravicini<\/strong><\/p>\n<\/div>\n\n\n\n<div class=\"wp-block-column is-layout-flow wp-block-column-is-layout-flow\">\n<p class=\"has-text-align-center\"><strong>Maike Steffen<\/strong><\/p>\n<\/div>\n<\/div>\n\n\n\n<div class=\"wp-block-columns is-layout-flex wp-container-core-columns-is-layout-9d6595d7 wp-block-columns-is-layout-flex\">\n<div class=\"wp-block-column is-layout-flow wp-block-column-is-layout-flow\" style=\"flex-basis:100%\">\n<div class=\"wp-block-columns is-layout-flex wp-container-core-columns-is-layout-9d6595d7 wp-block-columns-is-layout-flex\">\n<div class=\"wp-block-column is-layout-flow wp-block-column-is-layout-flow\">\n<figure class=\"wp-block-image size-large\"><img loading=\"lazy\" decoding=\"async\" width=\"1024\" height=\"1024\" src=\"http:\/\/babylab-luebeck.de\/wp-content\/uploads\/2025\/09\/Sunita-1024x1024.jpg\" alt=\"\" class=\"wp-image-2007\" srcset=\"https:\/\/babylab-luebeck.de\/wp-content\/uploads\/2025\/09\/Sunita-1024x1024.jpg 1024w, https:\/\/babylab-luebeck.de\/wp-content\/uploads\/2025\/09\/Sunita-300x300.jpg 300w, https:\/\/babylab-luebeck.de\/wp-content\/uploads\/2025\/09\/Sunita-150x150.jpg 150w, https:\/\/babylab-luebeck.de\/wp-content\/uploads\/2025\/09\/Sunita-768x768.jpg 768w, https:\/\/babylab-luebeck.de\/wp-content\/uploads\/2025\/09\/Sunita-1536x1536.jpg 1536w, https:\/\/babylab-luebeck.de\/wp-content\/uploads\/2025\/09\/Sunita-2048x2048.jpg 2048w, https:\/\/babylab-luebeck.de\/wp-content\/uploads\/2025\/09\/Sunita-12x12.jpg 12w\" sizes=\"auto, (max-width: 1024px) 100vw, 1024px\" \/><\/figure>\n<\/div>\n\n\n\n<div class=\"wp-block-column is-layout-flow wp-block-column-is-layout-flow\">\n<figure class=\"wp-block-image size-full\"><img loading=\"lazy\" decoding=\"async\" width=\"743\" height=\"743\" src=\"https:\/\/babylab-luebeck.de\/wp-content\/uploads\/2025\/09\/goerkem.jpg\" alt=\"\" class=\"wp-image-1997\" srcset=\"https:\/\/babylab-luebeck.de\/wp-content\/uploads\/2025\/09\/goerkem.jpg 743w, https:\/\/babylab-luebeck.de\/wp-content\/uploads\/2025\/09\/goerkem-300x300.jpg 300w, https:\/\/babylab-luebeck.de\/wp-content\/uploads\/2025\/09\/goerkem-150x150.jpg 150w, https:\/\/babylab-luebeck.de\/wp-content\/uploads\/2025\/09\/goerkem-12x12.jpg 12w\" sizes=\"auto, (max-width: 743px) 100vw, 743px\" \/><\/figure>\n<\/div>\n\n\n\n<div class=\"wp-block-column is-layout-flow wp-block-column-is-layout-flow\"><\/div>\n<\/div>\n\n\n\n<div class=\"wp-block-columns is-layout-flex wp-container-core-columns-is-layout-9d6595d7 wp-block-columns-is-layout-flex\">\n<div class=\"wp-block-column is-layout-flow wp-block-column-is-layout-flow\">\n<p class=\"has-text-align-center\"><strong>Sunita Hegel<\/strong><\/p>\n\n\n\n<p class=\"has-text-align-center\"><\/p>\n<\/div>\n\n\n\n<div class=\"wp-block-column is-layout-flow wp-block-column-is-layout-flow\">\n<p class=\"has-text-align-center\"><strong>G\u00f6rkem Koparan<\/strong><\/p>\n<\/div>\n\n\n\n<div class=\"wp-block-column is-layout-flow wp-block-column-is-layout-flow\">\n<p class=\"has-text-align-center\"><\/p>\n<\/div>\n<\/div>\n<\/div>\n<\/div>","protected":false},"excerpt":{"rendered":"<p>Prof. Dr. Sarah Jessen+49 451 3101 7449 Gruppenleiterin Lebenslauf Publikationen Dr. Laura Maffongelli+49 451 3101 7448 Postdoc Lebenslauf Publikationen Sophie Schierbaum Doktorandin (Humanmedizin) Antonia D\u00fcfeld+49 451 3101 7451 Doktorandin (Psychologie) Ver\u00f6ffentlichungen Robin Nehler+49 451 3101 7411 Doktorand (Psychologie) Ver\u00f6ffentlichungen Franziska Buchmann+49 451 3101 7452 Doktorandin (Psychologie) Studentische Hilfskr\u00e4fte Sophie Haenichen Emma Peplies Hannah Uehlinger Hannah &hellip; <a href=\"https:\/\/babylab-luebeck.de\/en\/unser-team\/\" class=\"more-link\">Continue reading <span class=\"screen-reader-text\">Our Team<\/span><\/a><\/p>","protected":false},"author":1,"featured_media":0,"parent":0,"menu_order":0,"comment_status":"closed","ping_status":"closed","template":"","meta":{"footnotes":""},"class_list":["post-532","page","type-page","status-publish","hentry"],"_links":{"self":[{"href":"https:\/\/babylab-luebeck.de\/en\/wp-json\/wp\/v2\/pages\/532","targetHints":{"allow":["GET"]}}],"collection":[{"href":"https:\/\/babylab-luebeck.de\/en\/wp-json\/wp\/v2\/pages"}],"about":[{"href":"https:\/\/babylab-luebeck.de\/en\/wp-json\/wp\/v2\/types\/page"}],"author":[{"embeddable":true,"href":"https:\/\/babylab-luebeck.de\/en\/wp-json\/wp\/v2\/users\/1"}],"replies":[{"embeddable":true,"href":"https:\/\/babylab-luebeck.de\/en\/wp-json\/wp\/v2\/comments?post=532"}],"version-history":[{"count":216,"href":"https:\/\/babylab-luebeck.de\/en\/wp-json\/wp\/v2\/pages\/532\/revisions"}],"predecessor-version":[{"id":2020,"href":"https:\/\/babylab-luebeck.de\/en\/wp-json\/wp\/v2\/pages\/532\/revisions\/2020"}],"wp:attachment":[{"href":"https:\/\/babylab-luebeck.de\/en\/wp-json\/wp\/v2\/media?parent=532"}],"curies":[{"name":"wp","href":"https:\/\/api.w.org\/{rel}","templated":true}]}}