{"id":70,"date":"2016-07-06T13:09:18","date_gmt":"2016-07-06T11:09:18","guid":{"rendered":"https:\/\/luebeckbabylab.wordpress.com\/?page_id=70"},"modified":"2025-08-12T08:07:53","modified_gmt":"2025-08-12T08:07:53","slug":"home","status":"publish","type":"page","link":"https:\/\/babylab-luebeck.de\/en\/","title":{"rendered":"Welcome"},"content":{"rendered":"<p><b>Welcome <\/b>to our homepage about developmental science at the University of L\u00fcbeck.<\/p>\n<p><img loading=\"lazy\" decoding=\"async\" class=\"alignnone size-full wp-image-202\" src=\"http:\/\/babylab-luebeck.de\/wp-content\/uploads\/2016\/07\/p1060033_farbalarm.jpg\" alt=\"P1060033_farbalarm.jpg\" width=\"3138\" height=\"1457\" srcset=\"https:\/\/babylab-luebeck.de\/wp-content\/uploads\/2016\/07\/p1060033_farbalarm.jpg 3138w, https:\/\/babylab-luebeck.de\/wp-content\/uploads\/2016\/07\/p1060033_farbalarm-300x139.jpg 300w, https:\/\/babylab-luebeck.de\/wp-content\/uploads\/2016\/07\/p1060033_farbalarm-768x357.jpg 768w, https:\/\/babylab-luebeck.de\/wp-content\/uploads\/2016\/07\/p1060033_farbalarm-1024x475.jpg 1024w, https:\/\/babylab-luebeck.de\/wp-content\/uploads\/2016\/07\/p1060033_farbalarm-1200x557.jpg 1200w\" sizes=\"auto, (max-width: 3138px) 100vw, 3138px\" \/><\/p>\n<p><strong>In our projects, we want to learn more about how infants and small children perceive and explore the world around them. We are especially interested in social and emotional development:<\/strong><\/p>\n<p>How do babys perceive faces? Can babies recognize whether someone is happy or sad? What role do different senses, like seeing, hearing or smelling, play in this?<br \/>\nWe answer questions like this in different <a href=\"http:\/\/babylab-luebeck.de\/en\/?page_id=75\" data-wplink-edit=\"true\"><u>projects<\/u><\/a>.<\/p>\n<p>Depending on the project, we use different methods, for example behavior observation, where short videos are being recorded and analyzed.<br \/>\nFrequently, parents have to fill our questionnaires regarding the behavior or preferences of their child - after all,  they know their child best-<br \/>\nTo observe what happens in the brain of our little participants, we use so called electroencephalography (EEG), an established and non-invasive methods. EEG is used world-wide in many projects researching infants. Further information on the methods we use, you can find <a href=\"http:\/\/babylab-luebeck.de\/en\/?page_id=124\"><u>here<\/u><\/a>.<\/p>\n<p>You want to know more about our work or are interested in participarting in one of our projects with your child? Feel free to contact us without obligation via <a href=\"http:\/\/babylab-luebeck.de\/en\/?page_id=186\">phone,<\/a>, <a href=\"http:\/\/babylab-luebeck.de\/en\/?page_id=186\">e-mail<\/a>, or via our <a href=\"http:\/\/babylab-luebeck.de\/en\/?page_id=175\"><u>Contact Form<\/u><\/a>!<\/p>\n<p><strong>We are looking forward to you and your child!<\/strong><\/p>","protected":false},"excerpt":{"rendered":"<p>Willkommen auf unserer Homepage zur Entwicklungsforschung an der Universit\u00e4t zu L\u00fcbeck. In unseren Projekten wollen wir mehr dar\u00fcber herausfinden, wie Babys und kleine Kinder die Welt um sich herum wahrnehmen und entdecken. Insbesondere interessiert uns dabei die soziale und emotionale Entwicklung: Wie nehmen Babys Gesichter wahr? K\u00f6nnen Babys schon erkennen, ob jemand fr\u00f6hlich oder traurig &hellip; <a href=\"https:\/\/babylab-luebeck.de\/en\/\" class=\"more-link\">Continue reading <span class=\"screen-reader-text\">Welcome<\/span><\/a><\/p>","protected":false},"author":1,"featured_media":0,"parent":0,"menu_order":0,"comment_status":"closed","ping_status":"closed","template":"","meta":{"footnotes":""},"class_list":["post-70","page","type-page","status-publish","hentry"],"_links":{"self":[{"href":"https:\/\/babylab-luebeck.de\/en\/wp-json\/wp\/v2\/pages\/70","targetHints":{"allow":["GET"]}}],"collection":[{"href":"https:\/\/babylab-luebeck.de\/en\/wp-json\/wp\/v2\/pages"}],"about":[{"href":"https:\/\/babylab-luebeck.de\/en\/wp-json\/wp\/v2\/types\/page"}],"author":[{"embeddable":true,"href":"https:\/\/babylab-luebeck.de\/en\/wp-json\/wp\/v2\/users\/1"}],"replies":[{"embeddable":true,"href":"https:\/\/babylab-luebeck.de\/en\/wp-json\/wp\/v2\/comments?post=70"}],"version-history":[{"count":11,"href":"https:\/\/babylab-luebeck.de\/en\/wp-json\/wp\/v2\/pages\/70\/revisions"}],"predecessor-version":[{"id":1930,"href":"https:\/\/babylab-luebeck.de\/en\/wp-json\/wp\/v2\/pages\/70\/revisions\/1930"}],"wp:attachment":[{"href":"https:\/\/babylab-luebeck.de\/en\/wp-json\/wp\/v2\/media?parent=70"}],"curies":[{"name":"wp","href":"https:\/\/api.w.org\/{rel}","templated":true}]}}