{"id":78,"date":"2016-07-06T13:14:28","date_gmt":"2016-07-06T11:14:28","guid":{"rendered":"https:\/\/luebeckbabylab.wordpress.com\/?page_id=78"},"modified":"2025-08-12T08:29:49","modified_gmt":"2025-08-12T08:29:49","slug":"fuer-eltern","status":"publish","type":"page","link":"https:\/\/babylab-luebeck.de\/en\/projekte\/fuer-eltern\/","title":{"rendered":"For Parents"},"content":{"rendered":"<p><strong>We\u2019re glad you found your way to us! On the following pages, you will find more detailed information about the general procedure of our studies.<\/strong><\/p>\n<p><img loading=\"lazy\" decoding=\"async\" class=\"alignnone size-full wp-image-205\" src=\"http:\/\/babylab-luebeck.de\/wp-content\/uploads\/2016\/07\/p1060099_bright.jpg\" alt=\"P1060099_bright\" width=\"2784\" height=\"1905\" srcset=\"https:\/\/babylab-luebeck.de\/wp-content\/uploads\/2016\/07\/p1060099_bright.jpg 2784w, https:\/\/babylab-luebeck.de\/wp-content\/uploads\/2016\/07\/p1060099_bright-300x205.jpg 300w, https:\/\/babylab-luebeck.de\/wp-content\/uploads\/2016\/07\/p1060099_bright-768x526.jpg 768w, https:\/\/babylab-luebeck.de\/wp-content\/uploads\/2016\/07\/p1060099_bright-1024x701.jpg 1024w, https:\/\/babylab-luebeck.de\/wp-content\/uploads\/2016\/07\/p1060099_bright-1200x821.jpg 1200w\" sizes=\"auto, (max-width: 2784px) 100vw, 2784px\" \/><\/p>\n<p>It is very important to us that you and your child feel comfortable with us. Participation in a study usually involves completing a few questionnaires, which we will send to you in advance by post, as well as a one-time visit to our university. You can find more detailed information about this <a href=\"http:\/\/babylab-luebeck.de\/en\/?page_id=86\"><u>here<\/u><\/a>.<\/p>\n<p>Which measurement methods are used in a project depends on the specific research question. You can find more detailed explanations of the methods we use <a href=\"http:\/\/babylab-luebeck.de\/en\/?page_id=124\"><u>here<\/u><\/a>.<\/p>\n<p>Of course, we treat all information, such as contact details or data collected in the course of a study, with strict confidentiality. Even when the results of a study are published in scientific journals, your anonymity and your child\u2019s anonymity are fully guaranteed. All our studies have been reviewed and approved by the Ethics Committee of the University of L\u00fcbeck.<\/p>\n<p>At <a href=\"https:\/\/luebeckbabylab.wordpress.com\/faq\/\"><u>FAQ<\/u> <\/a>, we have compiled a list of frequently asked questions. Of course, you can contact us at any time if you have any further questions. Even when you come to take part in a study, we will be happy to answer any questions you may have in detail at any time.<\/p>\n<p>You want to know more about our work or are interested in participarting in one of our projects with your child? Feel free to contact us without obligation via <a href=\"http:\/\/babylab-luebeck.de\/en\/?page_id=186\">phone, email<\/a> or via our <a href=\"http:\/\/babylab-luebeck.de\/en\/?page_id=175\"><u>Contact Form<\/u><\/a>!<\/p>","protected":false},"excerpt":{"rendered":"<p>Sch\u00f6n, dass Sie zu uns gefunden haben! Auf den folgenden Seiten finden Sie n\u00e4here Informationen zum allgemeinen Ablauf unserer Studien. Grunds\u00e4tzlich ist es uns wichtig, dass Sie und Ihr Kind sich bei uns wohl f\u00fchlen. Eine Studienteilnahme beinhaltet in der Regel das Ausf\u00fcllen einiger Frageb\u00f6gen, die wir Ihnen vorher per Post zuschicken, sowie einen einmaligen &hellip; <a href=\"https:\/\/babylab-luebeck.de\/en\/projekte\/fuer-eltern\/\" class=\"more-link\">Continue reading <span class=\"screen-reader-text\">For Parents<\/span><\/a><\/p>","protected":false},"author":1,"featured_media":0,"parent":75,"menu_order":0,"comment_status":"closed","ping_status":"closed","template":"","meta":{"footnotes":""},"class_list":["post-78","page","type-page","status-publish","hentry"],"_links":{"self":[{"href":"https:\/\/babylab-luebeck.de\/en\/wp-json\/wp\/v2\/pages\/78","targetHints":{"allow":["GET"]}}],"collection":[{"href":"https:\/\/babylab-luebeck.de\/en\/wp-json\/wp\/v2\/pages"}],"about":[{"href":"https:\/\/babylab-luebeck.de\/en\/wp-json\/wp\/v2\/types\/page"}],"author":[{"embeddable":true,"href":"https:\/\/babylab-luebeck.de\/en\/wp-json\/wp\/v2\/users\/1"}],"replies":[{"embeddable":true,"href":"https:\/\/babylab-luebeck.de\/en\/wp-json\/wp\/v2\/comments?post=78"}],"version-history":[{"count":4,"href":"https:\/\/babylab-luebeck.de\/en\/wp-json\/wp\/v2\/pages\/78\/revisions"}],"predecessor-version":[{"id":1948,"href":"https:\/\/babylab-luebeck.de\/en\/wp-json\/wp\/v2\/pages\/78\/revisions\/1948"}],"up":[{"embeddable":true,"href":"https:\/\/babylab-luebeck.de\/en\/wp-json\/wp\/v2\/pages\/75"}],"wp:attachment":[{"href":"https:\/\/babylab-luebeck.de\/en\/wp-json\/wp\/v2\/media?parent=78"}],"curies":[{"name":"wp","href":"https:\/\/api.w.org\/{rel}","templated":true}]}}