{"id":936,"date":"2022-02-02T08:46:10","date_gmt":"2022-02-02T08:46:10","guid":{"rendered":"http:\/\/babylab-luebeck.de\/?page_id=936"},"modified":"2025-08-12T08:10:40","modified_gmt":"2025-08-12T08:10:40","slug":"aktuelle-studien","status":"publish","type":"page","link":"https:\/\/babylab-luebeck.de\/en\/aktuelle-studien\/","title":{"rendered":"Current studies for families with babys"},"content":{"rendered":"<p><strong>What influence does touch have on face perception in 7-month-old babies? <\/strong><\/p>\n\n\n\n<p>In our current study, we aim to learn more about the influence of maternal touch on emotion and face perception in 7-month-old infants. Our goal is to better understand the role of the sense of touch in processes such as emotion perception and to gain new insights in this area. To do this, we use the method of EEG (electroencephalography), a non-invasive technique in which small sensors, called electrodes, passively record the brain\u2019s electrical activity. This method is well established in infant research and carries no disadvantages.\n\nIn addition, we will use a pulse oximeter to measure your child\u2019s heart rate. This helps us objectively assess how your child responds to the images, allowing us to make statements regarding their attention and\/or arousal.\n\nDuring the measurement, your child will see a presentation of a series of female faces with different facial expressions (happy and fearful) while being stroked by you. As the mother, you will sit next to your child and gently stroke their arm. In a second session of the study, the procedure will remain the same, except that one of our students (another woman) will provide the stroking touch.\n\nYour child will not feel anything from the measurement itself and their normal behavior will not be affected.<\/p>\n\n\n\n<p>If you are interested in this project, please feel free to contact us via our <a href=\"http:\/\/babylab-luebeck.de\/en\/kontaktformular\/\" data-type=\"page\" data-id=\"175\">Contact Form<\/a>. We look forward to welcoming you!<\/p>\n\n\n\n<p><strong>How does the influence of the mother\u2019s scent develop over the first year of life?<\/strong><\/p>\n\n\n\n<div class=\"wp-block-columns are-vertically-aligned-center is-layout-flex wp-container-core-columns-is-layout-9d6595d7 wp-block-columns-is-layout-flex\">\n<div class=\"wp-block-column is-vertically-aligned-center is-layout-flow wp-block-column-is-layout-flow\" style=\"flex-basis:66.66%\">\n<p>This project aims to investigate the influence of the mother\u2019s scent on the perception of faces and emotions in babies. For this purpose, we use <a href=\"https:\/\/babylab-luebeck.de\/en\/?page_id=124\" data-type=\"page\" data-id=\"124\">EEG <\/a>(electroencephalography) and eye-tracking to record how your baby responds to different faces and to examine the role the mother\u2019s scent plays in this process. <\/p>\n<\/div>\n\n\n\n<div class=\"wp-block-column is-vertically-aligned-center is-layout-flow wp-block-column-is-layout-flow\" style=\"flex-basis:33.33%\">\n<figure class=\"wp-block-image size-large is-resized\"><img loading=\"lazy\" decoding=\"async\" width=\"1024\" height=\"989\" src=\"http:\/\/babylab-luebeck.de\/wp-content\/uploads\/2016\/07\/p1060003_bright-1024x989.jpg\" alt=\"\" class=\"wp-image-199\" style=\"width:233px;height:auto\" srcset=\"https:\/\/babylab-luebeck.de\/wp-content\/uploads\/2016\/07\/p1060003_bright-1024x989.jpg 1024w, https:\/\/babylab-luebeck.de\/wp-content\/uploads\/2016\/07\/p1060003_bright-300x290.jpg 300w, https:\/\/babylab-luebeck.de\/wp-content\/uploads\/2016\/07\/p1060003_bright-768x742.jpg 768w, https:\/\/babylab-luebeck.de\/wp-content\/uploads\/2016\/07\/p1060003_bright-1200x1159.jpg 1200w\" sizes=\"auto, (max-width: 1024px) 100vw, 1024px\" \/><\/figure>\n<\/div>\n<\/div>\n\n\n\n<p>For the first session, we are looking for families with 4-month-old babies. The appointment lasts about 90 minutes and takes place at our facilities on the University of L\u00fcbeck campus (CBBM building). During the session, your baby will sit safely and comfortably in an infant seat and look at faces on a screen, with plenty of breaks and opportunities to play, of course. There will be two further sessions when your baby is 7 and 11 months old. This way, we can better understand how perception develops over time. <\/p>\n\n\n\n<p>If you are interested, please feel free to contact us via our <a href=\"https:\/\/babylab-luebeck.de\/en\/?page_id=175\" data-type=\"page\" data-id=\"175\">Contact Form<\/a>. We will then call you back to discuss all further details!<\/p>\n\n\n\n<p><strong>How do children perceive action?<\/strong><\/p>\n\n\n\n<p>Using EEG (electroencephalography), we investigate how children between the ages of 4 and 6 perceive complex, familiar actions. This includes actions such as preparing an apple spritzer. In this example, it is necessary to mix water and juice, which requires first opening the water bottle before pouring the water into the glass. This illustrates that the individual action steps are dependent on one another. In the study, we show videos of action sequences presented either in the correct chronological order or in the wrong order. Our aim is to examine how children respond to the presentation of incorrect action sequences compared to action sequences carried out in the correct order.<\/p>\n\n\n\n<div class=\"wp-block-columns are-vertically-aligned-center is-layout-flex wp-container-core-columns-is-layout-9d6595d7 wp-block-columns-is-layout-flex\">\n<div class=\"wp-block-column is-vertically-aligned-center is-layout-flow wp-block-column-is-layout-flow\" style=\"flex-basis:33.33%\">\n<figure class=\"wp-block-image size-large is-resized\"><img loading=\"lazy\" decoding=\"async\" width=\"768\" height=\"1024\" src=\"http:\/\/babylab-luebeck.de\/wp-content\/uploads\/2024\/06\/newEEG-768x1024.jpg\" alt=\"\" class=\"wp-image-1823\" style=\"width:218px;height:auto\" srcset=\"https:\/\/babylab-luebeck.de\/wp-content\/uploads\/2024\/06\/newEEG-768x1024.jpg 768w, https:\/\/babylab-luebeck.de\/wp-content\/uploads\/2024\/06\/newEEG-225x300.jpg 225w, https:\/\/babylab-luebeck.de\/wp-content\/uploads\/2024\/06\/newEEG-1152x1536.jpg 1152w, https:\/\/babylab-luebeck.de\/wp-content\/uploads\/2024\/06\/newEEG.jpg 1200w\" sizes=\"auto, (max-width: 768px) 100vw, 768px\" \/><\/figure>\n<\/div>\n\n\n\n<div class=\"wp-block-column is-vertically-aligned-center is-layout-flow wp-block-column-is-layout-flow\" style=\"flex-basis:66.66%\">\n<p>The aim of the study is to investigate the processing of complex structures in action perception during early childhood development. We are therefore looking for families with children aged between 4 and 6 years who would like to visit our lab on the University of L\u00fcbeck campus. <\/p>\n<\/div>\n<\/div>\n\n\n\n<p>The appointment lasts about one hour in total, and we measure <a href=\"https:\/\/babylab-luebeck.de\/en\/?page_id=124\" data-type=\"page\" data-id=\"124\">EEG <\/a>while your child sits in front of a computer screen on which the videos of the action sequences are shown. The parents remain in the room the entire time and usually sit about one meter behind their child.<\/p>\n\n\n\n<p>If you are interested, please feel free to contact us via our <a href=\"http:\/\/babylab-luebeck.de\/en\/?page_id=175\">Contact Form<\/a>, we will call you back!<\/p>\n\n\n\n<hr class=\"wp-block-separator has-alpha-channel-opacity\"\/>\n\n\n\n<h3 class=\"wp-block-heading\">Past studies<\/h3>\n\n\n\n<p class=\"has-black-color has-text-color\"><strong>How do babies perceive faces?<\/strong> (finished)<\/p>\n\n\n\n<p>In this study, we want to further investigate how babies perceive faces, which facial features play a role, and what happens in the babies\u2019 brains during this process. We are therefore looking for families with babies aged <strong>7 months<\/strong>who would like to come to our lab on the University of L\u00fcbeck campus for an EEG study. The appointment lasts about one hour, and we measure <a href=\"http:\/\/babylab-luebeck.de\/en\/?page_id=124\">EEG<\/a>while the babies sit on their parents\u2019 laps and look at faces on a computer screen.<\/p>","protected":false},"excerpt":{"rendered":"<p>Welchen Einfluss hat Ber\u00fchrung auf die Gesichtswahrnehmung von 7-Monate alten Babys? In unserer aktuellen Studie wollen wir mehr \u00fcber den Einfluss der m\u00fctterlichen Ber\u00fchrung auf die Emotions- und Gesichtswahrnehmung bei Babys im Alter von 7-Monaten lernen. Ziel ist es, die Rolle des Ber\u00fchrungssinns auf bspw. Emotionen besser zu verstehen und neue Erkenntnisse dar\u00fcber zu erlangen. &hellip; <a href=\"https:\/\/babylab-luebeck.de\/en\/aktuelle-studien\/\" class=\"more-link\">Continue reading <span class=\"screen-reader-text\">Current studies for families with babys<\/span><\/a><\/p>","protected":false},"author":1,"featured_media":0,"parent":0,"menu_order":0,"comment_status":"closed","ping_status":"closed","template":"","meta":{"footnotes":""},"class_list":["post-936","page","type-page","status-publish","hentry"],"_links":{"self":[{"href":"https:\/\/babylab-luebeck.de\/en\/wp-json\/wp\/v2\/pages\/936","targetHints":{"allow":["GET"]}}],"collection":[{"href":"https:\/\/babylab-luebeck.de\/en\/wp-json\/wp\/v2\/pages"}],"about":[{"href":"https:\/\/babylab-luebeck.de\/en\/wp-json\/wp\/v2\/types\/page"}],"author":[{"embeddable":true,"href":"https:\/\/babylab-luebeck.de\/en\/wp-json\/wp\/v2\/users\/1"}],"replies":[{"embeddable":true,"href":"https:\/\/babylab-luebeck.de\/en\/wp-json\/wp\/v2\/comments?post=936"}],"version-history":[{"count":37,"href":"https:\/\/babylab-luebeck.de\/en\/wp-json\/wp\/v2\/pages\/936\/revisions"}],"predecessor-version":[{"id":2016,"href":"https:\/\/babylab-luebeck.de\/en\/wp-json\/wp\/v2\/pages\/936\/revisions\/2016"}],"wp:attachment":[{"href":"https:\/\/babylab-luebeck.de\/en\/wp-json\/wp\/v2\/media?parent=936"}],"curies":[{"name":"wp","href":"https:\/\/api.w.org\/{rel}","templated":true}]}}